{"id":95280,"date":"2023-02-16T22:10:30","date_gmt":"2023-02-16T22:10:30","guid":{"rendered":"https:\/\/online.moise.group\/produs\/%d7%90%d7%95%d7%a1%d7%9d-%d7%a7%d7%9e%d7%97-%d7%aa%d7%95%d7%a4%d7%97-1-%d7%a7%d7%92\/"},"modified":"2023-02-16T22:10:30","modified_gmt":"2023-02-16T22:10:30","slug":"%d7%90%d7%95%d7%a1%d7%9d-%d7%a7%d7%9e%d7%97-%d7%aa%d7%95%d7%a4%d7%97-1-%d7%a7%d7%92","status":"publish","type":"product","link":"https:\/\/online.moise.group\/he\/\u05de\u05d5\u05e6\u05e8\/%d7%90%d7%95%d7%a1%d7%9d-%d7%a7%d7%9e%d7%97-%d7%aa%d7%95%d7%a4%d7%97-1-%d7%a7%d7%92\/","title":{"rendered":"\u05d0\u05d5\u05e1\u05dd &#8211; \u05e7\u05de\u05d7 \u05ea\u05d5\u05e4\u05d7 &#8211; 1 \u05e7&#8221;\u05d2"},"content":{"rendered":"<p>\u05d0\u05d5\u05e1\u05dd &#8211; \u05e7\u05de\u05d7 \u05ea\u05d5\u05e4\u05d7 &#8211; 1 \u05e7&#8221;\u05d2<\/p>\n","protected":false},"excerpt":{"rendered":"<p>\u05d0\u05d5\u05e1\u05dd &#8211; \u05e7\u05de\u05d7 \u05ea\u05d5\u05e4\u05d7 &#8211; 1 \u05e7&#8221;\u05d2<\/p>\n","protected":false},"featured_media":87628,"comment_status":"open","ping_status":"closed","template":"","meta":[],"product_cat":[1240,1151,1180],"product_tag":[1308,1272],"class_list":{"0":"post-95280","1":"product","2":"type-product","3":"status-publish","4":"has-post-thumbnail","6":"product_cat-1240","7":"product_cat-1151","8":"product_cat-1180","9":"product_tag-1308","10":"product_tag-1272","12":"first","13":"outofstock","14":"taxable","15":"shipping-taxable","16":"purchasable","17":"product-type-simple"},"yoast_head":"<!-- This site is optimized with the Yoast SEO Premium plugin v23.7 (Yoast SEO v23.7) - https:\/\/yoast.com\/wordpress\/plugins\/seo\/ -->\n<title>\u05d0\u05d5\u05e1\u05dd - \u05e7\u05de\u05d7 \u05ea\u05d5\u05e4\u05d7 - 1 \u05e7&quot;\u05d2 - \u05de\u05e1\u05e2\u05d3\u05d4 \u05d5\u05de\u05db\u05d5\u05dc\u05ea \u05db\u05e9\u05e8\u05d4, \u05d3\u05d9\u05e8\u05d5\u05ea \u05d0\u05d9\u05e8\u05d5\u05d7 \u05de\u05d5\u05ea\u05d0\u05de\u05d5\u05ea \u05d5\u05e1\u05e2\u05d5\u05d3\u05d5\u05ea \u05e9\u05d1\u05ea.<\/title>\n<meta name=\"robots\" content=\"index, follow, max-snippet:-1, max-image-preview:large, max-video-preview:-1\" \/>\n<link rel=\"canonical\" href=\"https:\/\/ydkjqlrx.elementor.cloud\/produs\/\u05d0\u05d5\u05e1\u05dd-\u05e7\u05de\u05d7-\u05ea\u05d5\u05e4\u05d7-1-\u05e7\u05d2\/\" \/>\n<meta property=\"og:locale\" content=\"he_IL\" \/>\n<meta property=\"og:type\" content=\"article\" \/>\n<meta property=\"og:title\" content=\"\u05d0\u05d5\u05e1\u05dd - \u05e7\u05de\u05d7 \u05ea\u05d5\u05e4\u05d7 - 1 \u05e7&quot;\u05d2\" \/>\n<meta property=\"og:description\" content=\"\u05d0\u05d5\u05e1\u05dd &#8211; \u05e7\u05de\u05d7 \u05ea\u05d5\u05e4\u05d7 &#8211; 1 \u05e7&#8221;\u05d2\" \/>\n<meta property=\"og:url\" content=\"https:\/\/ydkjqlrx.elementor.cloud\/produs\/\u05d0\u05d5\u05e1\u05dd-\u05e7\u05de\u05d7-\u05ea\u05d5\u05e4\u05d7-1-\u05e7\u05d2\/\" \/>\n<meta property=\"og:site_name\" content=\"\u05de\u05e1\u05e2\u05d3\u05d4 \u05d5\u05de\u05db\u05d5\u05dc\u05ea \u05db\u05e9\u05e8\u05d4, \u05d3\u05d9\u05e8\u05d5\u05ea \u05d0\u05d9\u05e8\u05d5\u05d7 \u05de\u05d5\u05ea\u05d0\u05de\u05d5\u05ea \u05d5\u05e1\u05e2\u05d5\u05d3\u05d5\u05ea \u05e9\u05d1\u05ea.\" \/>\n<meta property=\"article:publisher\" content=\"https:\/\/www.facebook.com\/moise.group\/\" \/>\n<meta name=\"twitter:card\" content=\"summary_large_image\" \/>\n<script type=\"application\/ld+json\" class=\"yoast-schema-graph\">{\"@context\":\"https:\/\/schema.org\",\"@graph\":[{\"@type\":\"WebPage\",\"@id\":\"https:\/\/ydkjqlrx.elementor.cloud\/produs\/%d7%90%d7%95%d7%a1%d7%9d-%d7%a7%d7%9e%d7%97-%d7%aa%d7%95%d7%a4%d7%97-1-%d7%a7%d7%92\/\",\"url\":\"https:\/\/ydkjqlrx.elementor.cloud\/produs\/%d7%90%d7%95%d7%a1%d7%9d-%d7%a7%d7%9e%d7%97-%d7%aa%d7%95%d7%a4%d7%97-1-%d7%a7%d7%92\/\",\"name\":\"\u05d0\u05d5\u05e1\u05dd - \u05e7\u05de\u05d7 \u05ea\u05d5\u05e4\u05d7 - 1 \u05e7\\\"\u05d2 - \u05de\u05e1\u05e2\u05d3\u05d4 \u05d5\u05de\u05db\u05d5\u05dc\u05ea \u05db\u05e9\u05e8\u05d4, \u05d3\u05d9\u05e8\u05d5\u05ea \u05d0\u05d9\u05e8\u05d5\u05d7 \u05de\u05d5\u05ea\u05d0\u05de\u05d5\u05ea \u05d5\u05e1\u05e2\u05d5\u05d3\u05d5\u05ea \u05e9\u05d1\u05ea.\",\"isPartOf\":{\"@id\":\"https:\/\/moise.raduandreialin.com\/#website\"},\"primaryImageOfPage\":{\"@id\":\"https:\/\/ydkjqlrx.elementor.cloud\/produs\/%d7%90%d7%95%d7%a1%d7%9d-%d7%a7%d7%9e%d7%97-%d7%aa%d7%95%d7%a4%d7%97-1-%d7%a7%d7%92\/#primaryimage\"},\"image\":{\"@id\":\"https:\/\/ydkjqlrx.elementor.cloud\/produs\/%d7%90%d7%95%d7%a1%d7%9d-%d7%a7%d7%9e%d7%97-%d7%aa%d7%95%d7%a4%d7%97-1-%d7%a7%d7%92\/#primaryimage\"},\"thumbnailUrl\":\"https:\/\/online.moise.group\/wp-content\/uploads\/2023\/07\/\u05e2\u05d9\u05e6\u05d5\u05d1-\u05dc\u05dc\u05d0-\u05e9\u05dd-67-1.png\",\"datePublished\":\"2023-02-16T22:10:30+00:00\",\"dateModified\":\"2023-02-16T22:10:30+00:00\",\"breadcrumb\":{\"@id\":\"https:\/\/ydkjqlrx.elementor.cloud\/produs\/%d7%90%d7%95%d7%a1%d7%9d-%d7%a7%d7%9e%d7%97-%d7%aa%d7%95%d7%a4%d7%97-1-%d7%a7%d7%92\/#breadcrumb\"},\"inLanguage\":\"he-IL\",\"potentialAction\":[{\"@type\":\"ReadAction\",\"target\":[\"https:\/\/ydkjqlrx.elementor.cloud\/produs\/%d7%90%d7%95%d7%a1%d7%9d-%d7%a7%d7%9e%d7%97-%d7%aa%d7%95%d7%a4%d7%97-1-%d7%a7%d7%92\/\"]}]},{\"@type\":\"ImageObject\",\"inLanguage\":\"he-IL\",\"@id\":\"https:\/\/ydkjqlrx.elementor.cloud\/produs\/%d7%90%d7%95%d7%a1%d7%9d-%d7%a7%d7%9e%d7%97-%d7%aa%d7%95%d7%a4%d7%97-1-%d7%a7%d7%92\/#primaryimage\",\"url\":\"https:\/\/online.moise.group\/wp-content\/uploads\/2023\/07\/\u05e2\u05d9\u05e6\u05d5\u05d1-\u05dc\u05dc\u05d0-\u05e9\u05dd-67-1.png\",\"contentUrl\":\"https:\/\/online.moise.group\/wp-content\/uploads\/2023\/07\/\u05e2\u05d9\u05e6\u05d5\u05d1-\u05dc\u05dc\u05d0-\u05e9\u05dd-67-1.png\",\"width\":800,\"height\":800},{\"@type\":\"BreadcrumbList\",\"@id\":\"https:\/\/ydkjqlrx.elementor.cloud\/produs\/%d7%90%d7%95%d7%a1%d7%9d-%d7%a7%d7%9e%d7%97-%d7%aa%d7%95%d7%a4%d7%97-1-%d7%a7%d7%92\/#breadcrumb\",\"itemListElement\":[{\"@type\":\"ListItem\",\"position\":1,\"name\":\"Prima pagin\u0103\",\"item\":\"https:\/\/online.moise.group\/he\/\"},{\"@type\":\"ListItem\",\"position\":2,\"name\":\"\u05de\u05db\u05d5\u05dc\u05ea\",\"item\":\"https:\/\/ydkjqlrx.elementor.cloud\/he\/%d7%97%d7%a0%d7%95%d7%aa\/\"},{\"@type\":\"ListItem\",\"position\":3,\"name\":\"\u05d0\u05d5\u05e1\u05dd &#8211; \u05e7\u05de\u05d7 \u05ea\u05d5\u05e4\u05d7 &#8211; 1 \u05e7&#8221;\u05d2\"}]},{\"@type\":\"WebSite\",\"@id\":\"https:\/\/moise.raduandreialin.com\/#website\",\"url\":\"https:\/\/moise.raduandreialin.com\/\",\"name\":\"\u05de\u05e1\u05e2\u05d3\u05d4 \u05d5\u05de\u05db\u05d5\u05dc\u05ea \u05db\u05e9\u05e8\u05d4, \u05d3\u05d9\u05e8\u05d5\u05ea \u05d0\u05d9\u05e8\u05d5\u05d7 \u05de\u05d5\u05ea\u05d0\u05de\u05d5\u05ea \u05d5\u05e1\u05e2\u05d5\u05d3\u05d5\u05ea \u05e9\u05d1\u05ea.\",\"description\":\"Dac\u0103 sunte\u021bi \u00een c\u0103utarea unei experien\u021be culinare ebraice autentice, Moise Kosher este locul perfect pentru dumneavoastr\u0103. Meniul nostru include o gam\u0103 variat\u0103 de m\u00e2nc\u0103ruri tradi\u021bionale evreie\u0219ti, preparate cu ingrediente proaspete \u0219i de \u00eenalt\u0103 calitate. De asemenea, oferim o varietate de preparate de shabbat, precum \u0219i cazare la hoteluri kosher.\",\"publisher\":{\"@id\":\"https:\/\/moise.raduandreialin.com\/#organization\"},\"potentialAction\":[{\"@type\":\"SearchAction\",\"target\":{\"@type\":\"EntryPoint\",\"urlTemplate\":\"https:\/\/moise.raduandreialin.com\/?s={search_term_string}\"},\"query-input\":{\"@type\":\"PropertyValueSpecification\",\"valueRequired\":true,\"valueName\":\"search_term_string\"}}],\"inLanguage\":\"he-IL\"},{\"@type\":\"Organization\",\"@id\":\"https:\/\/moise.raduandreialin.com\/#organization\",\"name\":\"\u05de\u05e1\u05e2\u05d3\u05d4 \u05d5\u05de\u05db\u05d5\u05dc\u05ea \u05db\u05e9\u05e8\u05d4, \u05d3\u05d9\u05e8\u05d5\u05ea \u05d0\u05d9\u05e8\u05d5\u05d7 \u05de\u05d5\u05ea\u05d0\u05de\u05d5\u05ea \u05d5\u05e1\u05e2\u05d5\u05d3\u05d5\u05ea \u05e9\u05d1\u05ea.\",\"url\":\"https:\/\/moise.raduandreialin.com\/\",\"logo\":{\"@type\":\"ImageObject\",\"inLanguage\":\"he-IL\",\"@id\":\"https:\/\/moise.raduandreialin.com\/#\/schema\/logo\/image\/\",\"url\":\"https:\/\/online.moise.group\/wp-content\/uploads\/2023\/12\/KOSHER-RESTAURANT-4.svg\",\"contentUrl\":\"https:\/\/online.moise.group\/wp-content\/uploads\/2023\/12\/KOSHER-RESTAURANT-4.svg\",\"width\":1169,\"height\":445,\"caption\":\"\u05de\u05e1\u05e2\u05d3\u05d4 \u05d5\u05de\u05db\u05d5\u05dc\u05ea \u05db\u05e9\u05e8\u05d4, \u05d3\u05d9\u05e8\u05d5\u05ea \u05d0\u05d9\u05e8\u05d5\u05d7 \u05de\u05d5\u05ea\u05d0\u05de\u05d5\u05ea \u05d5\u05e1\u05e2\u05d5\u05d3\u05d5\u05ea \u05e9\u05d1\u05ea.\"},\"image\":{\"@id\":\"https:\/\/moise.raduandreialin.com\/#\/schema\/logo\/image\/\"},\"sameAs\":[\"https:\/\/www.facebook.com\/moise.group\/\"]}]}<\/script>\n<!-- \/ Yoast SEO Premium plugin. -->","yoast_head_json":{"title":"\u05d0\u05d5\u05e1\u05dd - \u05e7\u05de\u05d7 \u05ea\u05d5\u05e4\u05d7 - 1 \u05e7\"\u05d2 - \u05de\u05e1\u05e2\u05d3\u05d4 \u05d5\u05de\u05db\u05d5\u05dc\u05ea \u05db\u05e9\u05e8\u05d4, \u05d3\u05d9\u05e8\u05d5\u05ea \u05d0\u05d9\u05e8\u05d5\u05d7 \u05de\u05d5\u05ea\u05d0\u05de\u05d5\u05ea \u05d5\u05e1\u05e2\u05d5\u05d3\u05d5\u05ea \u05e9\u05d1\u05ea.","robots":{"index":"index","follow":"follow","max-snippet":"max-snippet:-1","max-image-preview":"max-image-preview:large","max-video-preview":"max-video-preview:-1"},"canonical":"https:\/\/ydkjqlrx.elementor.cloud\/produs\/\u05d0\u05d5\u05e1\u05dd-\u05e7\u05de\u05d7-\u05ea\u05d5\u05e4\u05d7-1-\u05e7\u05d2\/","og_locale":"he_IL","og_type":"article","og_title":"\u05d0\u05d5\u05e1\u05dd - \u05e7\u05de\u05d7 \u05ea\u05d5\u05e4\u05d7 - 1 \u05e7\"\u05d2","og_description":"\u05d0\u05d5\u05e1\u05dd &#8211; \u05e7\u05de\u05d7 \u05ea\u05d5\u05e4\u05d7 &#8211; 1 \u05e7&#8221;\u05d2","og_url":"https:\/\/ydkjqlrx.elementor.cloud\/produs\/\u05d0\u05d5\u05e1\u05dd-\u05e7\u05de\u05d7-\u05ea\u05d5\u05e4\u05d7-1-\u05e7\u05d2\/","og_site_name":"\u05de\u05e1\u05e2\u05d3\u05d4 \u05d5\u05de\u05db\u05d5\u05dc\u05ea \u05db\u05e9\u05e8\u05d4, \u05d3\u05d9\u05e8\u05d5\u05ea \u05d0\u05d9\u05e8\u05d5\u05d7 \u05de\u05d5\u05ea\u05d0\u05de\u05d5\u05ea \u05d5\u05e1\u05e2\u05d5\u05d3\u05d5\u05ea \u05e9\u05d1\u05ea.","article_publisher":"https:\/\/www.facebook.com\/moise.group\/","twitter_card":"summary_large_image","schema":{"@context":"https:\/\/schema.org","@graph":[{"@type":"WebPage","@id":"https:\/\/ydkjqlrx.elementor.cloud\/produs\/%d7%90%d7%95%d7%a1%d7%9d-%d7%a7%d7%9e%d7%97-%d7%aa%d7%95%d7%a4%d7%97-1-%d7%a7%d7%92\/","url":"https:\/\/ydkjqlrx.elementor.cloud\/produs\/%d7%90%d7%95%d7%a1%d7%9d-%d7%a7%d7%9e%d7%97-%d7%aa%d7%95%d7%a4%d7%97-1-%d7%a7%d7%92\/","name":"\u05d0\u05d5\u05e1\u05dd - \u05e7\u05de\u05d7 \u05ea\u05d5\u05e4\u05d7 - 1 \u05e7\"\u05d2 - \u05de\u05e1\u05e2\u05d3\u05d4 \u05d5\u05de\u05db\u05d5\u05dc\u05ea \u05db\u05e9\u05e8\u05d4, \u05d3\u05d9\u05e8\u05d5\u05ea \u05d0\u05d9\u05e8\u05d5\u05d7 \u05de\u05d5\u05ea\u05d0\u05de\u05d5\u05ea \u05d5\u05e1\u05e2\u05d5\u05d3\u05d5\u05ea \u05e9\u05d1\u05ea.","isPartOf":{"@id":"https:\/\/moise.raduandreialin.com\/#website"},"primaryImageOfPage":{"@id":"https:\/\/ydkjqlrx.elementor.cloud\/produs\/%d7%90%d7%95%d7%a1%d7%9d-%d7%a7%d7%9e%d7%97-%d7%aa%d7%95%d7%a4%d7%97-1-%d7%a7%d7%92\/#primaryimage"},"image":{"@id":"https:\/\/ydkjqlrx.elementor.cloud\/produs\/%d7%90%d7%95%d7%a1%d7%9d-%d7%a7%d7%9e%d7%97-%d7%aa%d7%95%d7%a4%d7%97-1-%d7%a7%d7%92\/#primaryimage"},"thumbnailUrl":"https:\/\/online.moise.group\/wp-content\/uploads\/2023\/07\/\u05e2\u05d9\u05e6\u05d5\u05d1-\u05dc\u05dc\u05d0-\u05e9\u05dd-67-1.png","datePublished":"2023-02-16T22:10:30+00:00","dateModified":"2023-02-16T22:10:30+00:00","breadcrumb":{"@id":"https:\/\/ydkjqlrx.elementor.cloud\/produs\/%d7%90%d7%95%d7%a1%d7%9d-%d7%a7%d7%9e%d7%97-%d7%aa%d7%95%d7%a4%d7%97-1-%d7%a7%d7%92\/#breadcrumb"},"inLanguage":"he-IL","potentialAction":[{"@type":"ReadAction","target":["https:\/\/ydkjqlrx.elementor.cloud\/produs\/%d7%90%d7%95%d7%a1%d7%9d-%d7%a7%d7%9e%d7%97-%d7%aa%d7%95%d7%a4%d7%97-1-%d7%a7%d7%92\/"]}]},{"@type":"ImageObject","inLanguage":"he-IL","@id":"https:\/\/ydkjqlrx.elementor.cloud\/produs\/%d7%90%d7%95%d7%a1%d7%9d-%d7%a7%d7%9e%d7%97-%d7%aa%d7%95%d7%a4%d7%97-1-%d7%a7%d7%92\/#primaryimage","url":"https:\/\/online.moise.group\/wp-content\/uploads\/2023\/07\/\u05e2\u05d9\u05e6\u05d5\u05d1-\u05dc\u05dc\u05d0-\u05e9\u05dd-67-1.png","contentUrl":"https:\/\/online.moise.group\/wp-content\/uploads\/2023\/07\/\u05e2\u05d9\u05e6\u05d5\u05d1-\u05dc\u05dc\u05d0-\u05e9\u05dd-67-1.png","width":800,"height":800},{"@type":"BreadcrumbList","@id":"https:\/\/ydkjqlrx.elementor.cloud\/produs\/%d7%90%d7%95%d7%a1%d7%9d-%d7%a7%d7%9e%d7%97-%d7%aa%d7%95%d7%a4%d7%97-1-%d7%a7%d7%92\/#breadcrumb","itemListElement":[{"@type":"ListItem","position":1,"name":"Prima pagin\u0103","item":"https:\/\/online.moise.group\/he\/"},{"@type":"ListItem","position":2,"name":"\u05de\u05db\u05d5\u05dc\u05ea","item":"https:\/\/ydkjqlrx.elementor.cloud\/he\/%d7%97%d7%a0%d7%95%d7%aa\/"},{"@type":"ListItem","position":3,"name":"\u05d0\u05d5\u05e1\u05dd &#8211; \u05e7\u05de\u05d7 \u05ea\u05d5\u05e4\u05d7 &#8211; 1 \u05e7&#8221;\u05d2"}]},{"@type":"WebSite","@id":"https:\/\/moise.raduandreialin.com\/#website","url":"https:\/\/moise.raduandreialin.com\/","name":"\u05de\u05e1\u05e2\u05d3\u05d4 \u05d5\u05de\u05db\u05d5\u05dc\u05ea \u05db\u05e9\u05e8\u05d4, \u05d3\u05d9\u05e8\u05d5\u05ea \u05d0\u05d9\u05e8\u05d5\u05d7 \u05de\u05d5\u05ea\u05d0\u05de\u05d5\u05ea \u05d5\u05e1\u05e2\u05d5\u05d3\u05d5\u05ea \u05e9\u05d1\u05ea.","description":"Dac\u0103 sunte\u021bi \u00een c\u0103utarea unei experien\u021be culinare ebraice autentice, Moise Kosher este locul perfect pentru dumneavoastr\u0103. Meniul nostru include o gam\u0103 variat\u0103 de m\u00e2nc\u0103ruri tradi\u021bionale evreie\u0219ti, preparate cu ingrediente proaspete \u0219i de \u00eenalt\u0103 calitate. De asemenea, oferim o varietate de preparate de shabbat, precum \u0219i cazare la hoteluri kosher.","publisher":{"@id":"https:\/\/moise.raduandreialin.com\/#organization"},"potentialAction":[{"@type":"SearchAction","target":{"@type":"EntryPoint","urlTemplate":"https:\/\/moise.raduandreialin.com\/?s={search_term_string}"},"query-input":{"@type":"PropertyValueSpecification","valueRequired":true,"valueName":"search_term_string"}}],"inLanguage":"he-IL"},{"@type":"Organization","@id":"https:\/\/moise.raduandreialin.com\/#organization","name":"\u05de\u05e1\u05e2\u05d3\u05d4 \u05d5\u05de\u05db\u05d5\u05dc\u05ea \u05db\u05e9\u05e8\u05d4, \u05d3\u05d9\u05e8\u05d5\u05ea \u05d0\u05d9\u05e8\u05d5\u05d7 \u05de\u05d5\u05ea\u05d0\u05de\u05d5\u05ea \u05d5\u05e1\u05e2\u05d5\u05d3\u05d5\u05ea \u05e9\u05d1\u05ea.","url":"https:\/\/moise.raduandreialin.com\/","logo":{"@type":"ImageObject","inLanguage":"he-IL","@id":"https:\/\/moise.raduandreialin.com\/#\/schema\/logo\/image\/","url":"https:\/\/online.moise.group\/wp-content\/uploads\/2023\/12\/KOSHER-RESTAURANT-4.svg","contentUrl":"https:\/\/online.moise.group\/wp-content\/uploads\/2023\/12\/KOSHER-RESTAURANT-4.svg","width":1169,"height":445,"caption":"\u05de\u05e1\u05e2\u05d3\u05d4 \u05d5\u05de\u05db\u05d5\u05dc\u05ea \u05db\u05e9\u05e8\u05d4, \u05d3\u05d9\u05e8\u05d5\u05ea \u05d0\u05d9\u05e8\u05d5\u05d7 \u05de\u05d5\u05ea\u05d0\u05de\u05d5\u05ea \u05d5\u05e1\u05e2\u05d5\u05d3\u05d5\u05ea \u05e9\u05d1\u05ea."},"image":{"@id":"https:\/\/moise.raduandreialin.com\/#\/schema\/logo\/image\/"},"sameAs":["https:\/\/www.facebook.com\/moise.group\/"]}]}},"_links":{"self":[{"href":"https:\/\/online.moise.group\/he\/wp-json\/wp\/v2\/product\/95280","targetHints":{"allow":["GET"]}}],"collection":[{"href":"https:\/\/online.moise.group\/he\/wp-json\/wp\/v2\/product"}],"about":[{"href":"https:\/\/online.moise.group\/he\/wp-json\/wp\/v2\/types\/product"}],"replies":[{"embeddable":true,"href":"https:\/\/online.moise.group\/he\/wp-json\/wp\/v2\/comments?post=95280"}],"version-history":[{"count":0,"href":"https:\/\/online.moise.group\/he\/wp-json\/wp\/v2\/product\/95280\/revisions"}],"wp:featuredmedia":[{"embeddable":true,"href":"https:\/\/online.moise.group\/he\/wp-json\/wp\/v2\/media\/87628"}],"wp:attachment":[{"href":"https:\/\/online.moise.group\/he\/wp-json\/wp\/v2\/media?parent=95280"}],"wp:term":[{"taxonomy":"product_cat","embeddable":true,"href":"https:\/\/online.moise.group\/he\/wp-json\/wp\/v2\/product_cat?post=95280"},{"taxonomy":"product_tag","embeddable":true,"href":"https:\/\/online.moise.group\/he\/wp-json\/wp\/v2\/product_tag?post=95280"}],"curies":[{"name":"wp","href":"https:\/\/api.w.org\/{rel}","templated":true}]}}