{"id":96455,"date":"2022-06-02T15:38:36","date_gmt":"2022-06-02T15:38:36","guid":{"rendered":"https:\/\/online.moise.group\/produs\/%d7%90%d7%97%d7%95%d7%95%d7%94-%d7%a2%d7%95%d7%92%d7%94-%d7%90%d7%99%d7%a9%d7%99%d7%aa-%d7%91%d7%98%d7%a2%d7%9d-%d7%a9%d7%95%d7%a7%d7%95%d7%9c%d7%93-%d7%a6%d7%99%d7%a4%d7%a1-45-%d7%92%d7%a8\/"},"modified":"2023-12-26T12:45:09","modified_gmt":"2023-12-26T12:45:09","slug":"%d7%90%d7%97%d7%95%d7%95%d7%94-%d7%a2%d7%95%d7%92%d7%94-%d7%90%d7%99%d7%a9%d7%99%d7%aa-%d7%91%d7%98%d7%a2%d7%9d-%d7%a9%d7%95%d7%a7%d7%95%d7%9c%d7%93-%d7%a6%d7%99%d7%a4%d7%a1-45-%d7%92%d7%a8","status":"publish","type":"product","link":"https:\/\/online.moise.group\/he\/\u05de\u05d5\u05e6\u05e8\/%d7%90%d7%97%d7%95%d7%95%d7%94-%d7%a2%d7%95%d7%92%d7%94-%d7%90%d7%99%d7%a9%d7%99%d7%aa-%d7%91%d7%98%d7%a2%d7%9d-%d7%a9%d7%95%d7%a7%d7%95%d7%9c%d7%93-%d7%a6%d7%99%d7%a4%d7%a1-45-%d7%92%d7%a8\/","title":{"rendered":"\u05d0\u05d7\u05d5\u05d5\u05d4 &#8211; \u05e2\u05d5\u05d2\u05d4 \u05d0\u05d9\u05e9\u05d9\u05ea \u05d1\u05d8\u05e2\u05dd \u05e9\u05d5\u05e7\u05d5\u05dc\u05d3 \u05e6&#8217;\u05d9\u05e4\u05e1 &#8211; 45 \u05d2\u05e8&#8217;"},"content":{"rendered":"<p>\u05d0\u05d7\u05d5\u05d5\u05d4 &#8211; \u05e2\u05d5\u05d2\u05d4 \u05d0\u05d9\u05e9\u05d9\u05ea \u05d1\u05d8\u05e2\u05dd \u05e9\u05d5\u05e7\u05d5\u05dc\u05d3 \u05e6&#8217;\u05d9\u05e4\u05e1 &#8211; 45 \u05d2\u05e8&#8217;<br \/>\n\u05e8\u05db\u05d9\u05d1\u05d9\u05dd: \u05e7\u05de\u05d7 \u05d7\u05d9\u05d8\u05d4, \u05e1\u05d5\u05db\u05e8, \u05de\u05d9\u05dd, \u05d1\u05d9\u05e6\u05d9\u05dd, \u05e9\u05de\u05df \u05e6\u05de\u05d7\u05d9 (\u05d3\u05e7\u05dc \u05d5\u05e4\u05d5\u05dc\u05d9 \u05e1\u05d5\u05d9\u05d4), \u05e9\u05d5\u05e7\u05d5\u05dc\u05d3 6.5% (\u05e1\u05d5\u05db\u05e8, \u05e9\u05de\u05df \u05d3\u05e7\u05dc\u05d9\u05dd, \u05d0\u05d1\u05e7\u05ea \u05e7\u05e7\u05d0\u05d5, \u05e2\u05de\u05d9\u05dc\u05df \u05d8\u05e4\u05d9\u05d5\u05e7\u05d4, \u05de\u05ea\u05d7\u05dc\u05d1 &#8211; \u05dc\u05e6\u05d9\u05d8\u05d9\u05df \u05e1\u05d5\u05d9\u05d4, \u05d5\u05e0\u05dc\u05d9\u05df, \u05de\u05dc\u05d7), \u05de\u05ea\u05d7\u05dc\u05d1\u05d9\u05dd (E471, E477, E433, E570, E422), \u05e4\u05e8\u05d5\u05e4\u05d9\u05dc\u05df \u05d2\u05dc\u05d9\u05e7\u05d5\u05dc-E1520, \u05d7\u05d5\u05de\u05e8\u05d9 \u05d4\u05d2\u05d1\u05d4\u05d4 (E500, E450), \u05de\u05d5\u05d5\u05e1\u05ea \u05d7\u05d5\u05de\u05e6\u05d9\u05d5\u05ea (E525, \u05d7\u05d5\u05de\u05e6\u05ea \u05dc\u05d9\u05de\u05d5\u05df), \u05d7\u05d5\u05de\u05e8\u05d9\u05dd \u05de\u05e9\u05de\u05e8\u05d9\u05dd (E200, E202, E262), \u05de\u05dc\u05d7, \u05de\u05d9\u05d9\u05e6\u05d1 (E415), \u05e2\u05de\u05d9\u05dc\u05df \u05ea\u05d9\u05e8\u05e1, \u05d7\u05d5\u05de\u05e8\u05d9 \u05d8\u05e2\u05dd \u05d5\u05e8\u05d9\u05d7.<br \/>\n\u05d0\u05dc\u05e8\u05d2\u05e0\u05d9\u05dd: \u05d1\u05d9\u05e6\u05d9\u05dd, \u05d2\u05dc\u05d5\u05d8\u05df, \u05e1\u05d5\u05d9\u05d4. \u05e2\u05dc\u05d5\u05dc \u05dc\u05d4\u05db\u05d9\u05dc \u05e2\u05e7\u05d1\u05d5\u05ea \u05e9\u05dc \u05e9\u05d5\u05de\u05e9\u05d5\u05dd, \u05d0\u05d2\u05d5\u05d6\u05d9\u05dd.<br \/>\n\u05e2\u05e8\u05db\u05d9\u05dd \u05ea\u05d6\u05d5\u05e0\u05ea\u05d9\u05d9\u05dd \u05dc-100 \u05d2\u05e8\u05dd \u05de\u05d5\u05e6\u05e8: \u05d0\u05e0\u05e8\u05d2\u05d9\u05d4 401 \u05e7\u05e7&#8221;\u05dc, \u05d7\u05dc\u05d1\u05d5\u05df 5 \u05d2\u05e8\u05dd, \u05e4\u05d7\u05de\u05d9\u05de\u05d5\u05ea 53 \u05d2\u05e8\u05dd, \u05e1\u05d5\u05db\u05e8\u05d9\u05dd 27 \u05d2\u05e8\u05dd, \u05e9\u05d5\u05de\u05df 19 \u05d2\u05e8\u05dd, \u05de\u05ea\u05d5\u05db\u05dd \u05e9\u05d5\u05de\u05df \u05e8\u05d5\u05d5\u05d9 9 \u05d2\u05e8\u05dd, \u05e9\u05d5\u05de\u05df \u05d8\u05e8\u05d0\u05e0\u05e1 &lt;\u05d2\u05e8\u05dd, \u05db\u05d5\u05dc\u05e1\u05d8\u05e8\u05d5\u05dc 56 \u05de&#8221;\u05d2, \u05e0\u05ea\u05e8\u05df 171 \u05de&#8221;\u05d2, \u05de\u05dc\u05d7 0.43 \u05d2\u05e8\u05dd.<\/p>\n<p>\u05e2\u05d5\u05d2\u05ea \u05de\u05d0\u05e4\u05d9\u05e0\u05e1 \u05e2\u05dd \u05e9\u05d5\u05e7\u05d5\u05dc\u05d3 \u05e6&#8217;\u05d9\u05e4\u05e1.<br \/>\n\u05e8\u05db\u05d9\u05d1\u05d9\u05dd: \u05e7\u05de\u05d7 \u05d7\u05d9\u05d8\u05d4, \u05e1\u05d5\u05db\u05e8, \u05de\u05d9\u05dd, \u05d1\u05d9\u05e6\u05d9\u05dd, \u05e9\u05de\u05df \u05e6\u05de\u05d7\u05d9 (\u05d3\u05e7\u05dc \u05d5\u05e4\u05d5\u05dc\u05d9 \u05e1\u05d5\u05d9\u05d4), \u05e9\u05d5\u05e7\u05d5\u05dc\u05d3 6.5% (\u05e1\u05d5\u05db\u05e8, \u05e9\u05de\u05df \u05d3\u05e7\u05dc\u05d9\u05dd, \u05d0\u05d1\u05e7\u05ea \u05e7\u05e7\u05d0\u05d5, \u05e2\u05de\u05d9\u05dc\u05df \u05d8\u05e4\u05d9\u05d5\u05e7\u05d4, \u05de\u05ea\u05d7\u05dc\u05d1 &#8211; \u05dc\u05e6\u05d9\u05d8\u05d9\u05df \u05e1\u05d5\u05d9\u05d4, \u05d5\u05e0\u05dc\u05d9\u05df, \u05de\u05dc\u05d7), \u05de\u05ea\u05d7\u05dc\u05d1\u05d9\u05dd (E471, E477, E433, E570, E422), \u05e4\u05e8\u05d5\u05e4\u05d9\u05dc\u05df \u05d2\u05dc\u05d9\u05e7\u05d5\u05dc-E1520, \u05d7\u05d5\u05de\u05e8\u05d9 \u05d4\u05d2\u05d1\u05d4\u05d4 (E500, E450), \u05de\u05d5\u05d5\u05e1\u05ea \u05d7\u05d5\u05de\u05e6\u05d9\u05d5\u05ea (E525, \u05d7\u05d5\u05de\u05e6\u05ea \u05dc\u05d9\u05de\u05d5\u05df), \u05d7\u05d5\u05de\u05e8\u05d9\u05dd \u05de\u05e9\u05de\u05e8\u05d9\u05dd (E200, E202, E262), \u05de\u05dc\u05d7, \u05de\u05d9\u05d9\u05e6\u05d1 (E415), \u05e2\u05de\u05d9\u05dc\u05df \u05ea\u05d9\u05e8\u05e1, \u05d7\u05d5\u05de\u05e8\u05d9 \u05d8\u05e2\u05dd \u05d5\u05e8\u05d9\u05d7.<br \/>\n\u05d0\u05dc\u05e8\u05d2\u05e0\u05d9\u05dd: \u05d1\u05d9\u05e6\u05d9\u05dd, \u05d2\u05dc\u05d5\u05d8\u05df, \u05e1\u05d5\u05d9\u05d4. \u05e2\u05dc\u05d5\u05dc \u05dc\u05d4\u05db\u05d9\u05dc \u05e2\u05e7\u05d1\u05d5\u05ea \u05e9\u05dc \u05e9\u05d5\u05de\u05e9\u05d5\u05dd, \u05d0\u05d2\u05d5\u05d6\u05d9\u05dd.<br \/>\n\u05e2\u05e8\u05db\u05d9\u05dd \u05ea\u05d6\u05d5\u05e0\u05ea\u05d9\u05d9\u05dd \u05dc-100 \u05d2\u05e8\u05dd \u05de\u05d5\u05e6\u05e8: \u05d0\u05e0\u05e8\u05d2\u05d9\u05d4 401 \u05e7\u05e7&#8221;\u05dc, \u05d7\u05dc\u05d1\u05d5\u05df 5 \u05d2\u05e8\u05dd, \u05e4\u05d7\u05de\u05d9\u05de\u05d5\u05ea 53 \u05d2\u05e8\u05dd, \u05e1\u05d5\u05db\u05e8\u05d9\u05dd 27 \u05d2\u05e8\u05dd, \u05e9\u05d5\u05de\u05df 19 \u05d2\u05e8\u05dd, \u05de\u05ea\u05d5\u05db\u05dd \u05e9\u05d5\u05de\u05df \u05e8\u05d5\u05d5\u05d9 9 \u05d2\u05e8\u05dd, \u05e9\u05d5\u05de\u05df \u05d8\u05e8\u05d0\u05e0\u05e1 &lt;0.5 \u05d2\u05e8\u05dd, \u05db\u05d5\u05dc\u05e1\u05d8\u05e8\u05d5\u05dc 56 \u05de&#8221;\u05d2, \u05e0\u05ea\u05e8\u05df 171 \u05de&#8221;\u05d2, \u05de\u05dc\u05d7 0.43 \u05d2\u05e8\u05dd.<\/p>\n","protected":false},"excerpt":{"rendered":"<p>\u05d0\u05d7\u05d5\u05d5\u05d4 &#8211; \u05e2\u05d5\u05d2\u05d4 \u05d0\u05d9\u05e9\u05d9\u05ea \u05d1\u05d8\u05e2\u05dd \u05e9\u05d5\u05e7\u05d5\u05dc\u05d3 \u05e6&#8217;\u05d9\u05e4\u05e1 &#8211; 45 \u05d2\u05e8&#8217; \u05e8\u05db\u05d9\u05d1\u05d9\u05dd: \u05e7\u05de\u05d7 \u05d7\u05d9\u05d8\u05d4, \u05e1\u05d5\u05db\u05e8, \u05de\u05d9\u05dd, \u05d1\u05d9\u05e6\u05d9\u05dd, \u05e9\u05de\u05df \u05e6\u05de\u05d7\u05d9 (\u05d3\u05e7\u05dc \u05d5\u05e4\u05d5\u05dc\u05d9<\/p>\n","protected":false},"featured_media":86083,"comment_status":"open","ping_status":"closed","template":"","meta":[],"product_cat":[1240,1179,1214],"product_tag":[1354],"class_list":{"0":"post-96455","1":"product","2":"type-product","3":"status-publish","4":"has-post-thumbnail","6":"product_cat-1240","7":"product_cat-1179","8":"product_cat-1214","9":"product_tag--he","11":"first","12":"outofstock","13":"taxable","14":"shipping-taxable","15":"purchasable","16":"product-type-simple"},"yoast_head":"<!-- This site is optimized with the Yoast SEO Premium plugin v23.7 (Yoast SEO v23.7) - https:\/\/yoast.com\/wordpress\/plugins\/seo\/ -->\n<title>\u05d0\u05d7\u05d5\u05d5\u05d4 - \u05e2\u05d5\u05d2\u05d4 \u05d0\u05d9\u05e9\u05d9\u05ea \u05d1\u05d8\u05e2\u05dd \u05e9\u05d5\u05e7\u05d5\u05dc\u05d3 \u05e6&#039;\u05d9\u05e4\u05e1 - 45 \u05d2\u05e8&#039; - \u05de\u05e1\u05e2\u05d3\u05d4 \u05d5\u05de\u05db\u05d5\u05dc\u05ea \u05db\u05e9\u05e8\u05d4, \u05d3\u05d9\u05e8\u05d5\u05ea \u05d0\u05d9\u05e8\u05d5\u05d7 \u05de\u05d5\u05ea\u05d0\u05de\u05d5\u05ea \u05d5\u05e1\u05e2\u05d5\u05d3\u05d5\u05ea \u05e9\u05d1\u05ea.<\/title>\n<meta name=\"robots\" content=\"index, follow, max-snippet:-1, max-image-preview:large, max-video-preview:-1\" \/>\n<link rel=\"canonical\" href=\"https:\/\/ydkjqlrx.elementor.cloud\/he\/\u05de\u05d5\u05e6\u05e8\/\u05d0\u05d7\u05d5\u05d5\u05d4-\u05e2\u05d5\u05d2\u05d4-\u05d0\u05d9\u05e9\u05d9\u05ea-\u05d1\u05d8\u05e2\u05dd-\u05e9\u05d5\u05e7\u05d5\u05dc\u05d3-\u05e6\u05d9\u05e4\u05e1-45-\u05d2\u05e8\/\" \/>\n<meta property=\"og:locale\" content=\"he_IL\" \/>\n<meta property=\"og:type\" content=\"article\" \/>\n<meta property=\"og:title\" content=\"\u05d0\u05d7\u05d5\u05d5\u05d4 - \u05e2\u05d5\u05d2\u05d4 \u05d0\u05d9\u05e9\u05d9\u05ea \u05d1\u05d8\u05e2\u05dd \u05e9\u05d5\u05e7\u05d5\u05dc\u05d3 \u05e6&#039;\u05d9\u05e4\u05e1 - 45 \u05d2\u05e8&#039;\" \/>\n<meta property=\"og:description\" content=\"\u05d0\u05d7\u05d5\u05d5\u05d4 &#8211; \u05e2\u05d5\u05d2\u05d4 \u05d0\u05d9\u05e9\u05d9\u05ea \u05d1\u05d8\u05e2\u05dd \u05e9\u05d5\u05e7\u05d5\u05dc\u05d3 \u05e6&#8217;\u05d9\u05e4\u05e1 &#8211; 45 \u05d2\u05e8&#8217; \u05e8\u05db\u05d9\u05d1\u05d9\u05dd: \u05e7\u05de\u05d7 \u05d7\u05d9\u05d8\u05d4, \u05e1\u05d5\u05db\u05e8, \u05de\u05d9\u05dd, \u05d1\u05d9\u05e6\u05d9\u05dd, \u05e9\u05de\u05df \u05e6\u05de\u05d7\u05d9 (\u05d3\u05e7\u05dc \u05d5\u05e4\u05d5\u05dc\u05d9\" \/>\n<meta property=\"og:url\" content=\"https:\/\/ydkjqlrx.elementor.cloud\/he\/\u05de\u05d5\u05e6\u05e8\/\u05d0\u05d7\u05d5\u05d5\u05d4-\u05e2\u05d5\u05d2\u05d4-\u05d0\u05d9\u05e9\u05d9\u05ea-\u05d1\u05d8\u05e2\u05dd-\u05e9\u05d5\u05e7\u05d5\u05dc\u05d3-\u05e6\u05d9\u05e4\u05e1-45-\u05d2\u05e8\/\" \/>\n<meta property=\"og:site_name\" content=\"\u05de\u05e1\u05e2\u05d3\u05d4 \u05d5\u05de\u05db\u05d5\u05dc\u05ea \u05db\u05e9\u05e8\u05d4, \u05d3\u05d9\u05e8\u05d5\u05ea \u05d0\u05d9\u05e8\u05d5\u05d7 \u05de\u05d5\u05ea\u05d0\u05de\u05d5\u05ea \u05d5\u05e1\u05e2\u05d5\u05d3\u05d5\u05ea \u05e9\u05d1\u05ea.\" \/>\n<meta property=\"article:publisher\" content=\"https:\/\/www.facebook.com\/moise.group\/\" \/>\n<meta property=\"article:modified_time\" content=\"2023-12-26T12:45:09+00:00\" \/>\n<meta property=\"og:image\" content=\"https:\/\/ydkjqlrx.elementor.cloud\/wp-content\/uploads\/2023\/07\/7290017275246-1.png\" \/>\n\t<meta property=\"og:image:width\" content=\"800\" \/>\n\t<meta property=\"og:image:height\" content=\"800\" \/>\n\t<meta property=\"og:image:type\" content=\"image\/png\" \/>\n<meta name=\"twitter:card\" content=\"summary_large_image\" \/>\n<script type=\"application\/ld+json\" class=\"yoast-schema-graph\">{\"@context\":\"https:\/\/schema.org\",\"@graph\":[{\"@type\":\"WebPage\",\"@id\":\"https:\/\/ydkjqlrx.elementor.cloud\/he\/\u05de\u05d5\u05e6\u05e8\/%d7%90%d7%97%d7%95%d7%95%d7%94-%d7%a2%d7%95%d7%92%d7%94-%d7%90%d7%99%d7%a9%d7%99%d7%aa-%d7%91%d7%98%d7%a2%d7%9d-%d7%a9%d7%95%d7%a7%d7%95%d7%9c%d7%93-%d7%a6%d7%99%d7%a4%d7%a1-45-%d7%92%d7%a8\/\",\"url\":\"https:\/\/ydkjqlrx.elementor.cloud\/he\/\u05de\u05d5\u05e6\u05e8\/%d7%90%d7%97%d7%95%d7%95%d7%94-%d7%a2%d7%95%d7%92%d7%94-%d7%90%d7%99%d7%a9%d7%99%d7%aa-%d7%91%d7%98%d7%a2%d7%9d-%d7%a9%d7%95%d7%a7%d7%95%d7%9c%d7%93-%d7%a6%d7%99%d7%a4%d7%a1-45-%d7%92%d7%a8\/\",\"name\":\"\u05d0\u05d7\u05d5\u05d5\u05d4 - \u05e2\u05d5\u05d2\u05d4 \u05d0\u05d9\u05e9\u05d9\u05ea \u05d1\u05d8\u05e2\u05dd \u05e9\u05d5\u05e7\u05d5\u05dc\u05d3 \u05e6'\u05d9\u05e4\u05e1 - 45 \u05d2\u05e8' - \u05de\u05e1\u05e2\u05d3\u05d4 \u05d5\u05de\u05db\u05d5\u05dc\u05ea \u05db\u05e9\u05e8\u05d4, \u05d3\u05d9\u05e8\u05d5\u05ea \u05d0\u05d9\u05e8\u05d5\u05d7 \u05de\u05d5\u05ea\u05d0\u05de\u05d5\u05ea \u05d5\u05e1\u05e2\u05d5\u05d3\u05d5\u05ea \u05e9\u05d1\u05ea.\",\"isPartOf\":{\"@id\":\"https:\/\/moise.raduandreialin.com\/#website\"},\"primaryImageOfPage\":{\"@id\":\"https:\/\/ydkjqlrx.elementor.cloud\/he\/\u05de\u05d5\u05e6\u05e8\/%d7%90%d7%97%d7%95%d7%95%d7%94-%d7%a2%d7%95%d7%92%d7%94-%d7%90%d7%99%d7%a9%d7%99%d7%aa-%d7%91%d7%98%d7%a2%d7%9d-%d7%a9%d7%95%d7%a7%d7%95%d7%9c%d7%93-%d7%a6%d7%99%d7%a4%d7%a1-45-%d7%92%d7%a8\/#primaryimage\"},\"image\":{\"@id\":\"https:\/\/ydkjqlrx.elementor.cloud\/he\/\u05de\u05d5\u05e6\u05e8\/%d7%90%d7%97%d7%95%d7%95%d7%94-%d7%a2%d7%95%d7%92%d7%94-%d7%90%d7%99%d7%a9%d7%99%d7%aa-%d7%91%d7%98%d7%a2%d7%9d-%d7%a9%d7%95%d7%a7%d7%95%d7%9c%d7%93-%d7%a6%d7%99%d7%a4%d7%a1-45-%d7%92%d7%a8\/#primaryimage\"},\"thumbnailUrl\":\"https:\/\/online.moise.group\/wp-content\/uploads\/2023\/07\/7290017275246-1.png\",\"datePublished\":\"2022-06-02T15:38:36+00:00\",\"dateModified\":\"2023-12-26T12:45:09+00:00\",\"breadcrumb\":{\"@id\":\"https:\/\/ydkjqlrx.elementor.cloud\/he\/\u05de\u05d5\u05e6\u05e8\/%d7%90%d7%97%d7%95%d7%95%d7%94-%d7%a2%d7%95%d7%92%d7%94-%d7%90%d7%99%d7%a9%d7%99%d7%aa-%d7%91%d7%98%d7%a2%d7%9d-%d7%a9%d7%95%d7%a7%d7%95%d7%9c%d7%93-%d7%a6%d7%99%d7%a4%d7%a1-45-%d7%92%d7%a8\/#breadcrumb\"},\"inLanguage\":\"he-IL\",\"potentialAction\":[{\"@type\":\"ReadAction\",\"target\":[\"https:\/\/ydkjqlrx.elementor.cloud\/he\/\u05de\u05d5\u05e6\u05e8\/%d7%90%d7%97%d7%95%d7%95%d7%94-%d7%a2%d7%95%d7%92%d7%94-%d7%90%d7%99%d7%a9%d7%99%d7%aa-%d7%91%d7%98%d7%a2%d7%9d-%d7%a9%d7%95%d7%a7%d7%95%d7%9c%d7%93-%d7%a6%d7%99%d7%a4%d7%a1-45-%d7%92%d7%a8\/\"]}]},{\"@type\":\"ImageObject\",\"inLanguage\":\"he-IL\",\"@id\":\"https:\/\/ydkjqlrx.elementor.cloud\/he\/\u05de\u05d5\u05e6\u05e8\/%d7%90%d7%97%d7%95%d7%95%d7%94-%d7%a2%d7%95%d7%92%d7%94-%d7%90%d7%99%d7%a9%d7%99%d7%aa-%d7%91%d7%98%d7%a2%d7%9d-%d7%a9%d7%95%d7%a7%d7%95%d7%9c%d7%93-%d7%a6%d7%99%d7%a4%d7%a1-45-%d7%92%d7%a8\/#primaryimage\",\"url\":\"https:\/\/online.moise.group\/wp-content\/uploads\/2023\/07\/7290017275246-1.png\",\"contentUrl\":\"https:\/\/online.moise.group\/wp-content\/uploads\/2023\/07\/7290017275246-1.png\",\"width\":800,\"height\":800},{\"@type\":\"BreadcrumbList\",\"@id\":\"https:\/\/ydkjqlrx.elementor.cloud\/he\/\u05de\u05d5\u05e6\u05e8\/%d7%90%d7%97%d7%95%d7%95%d7%94-%d7%a2%d7%95%d7%92%d7%94-%d7%90%d7%99%d7%a9%d7%99%d7%aa-%d7%91%d7%98%d7%a2%d7%9d-%d7%a9%d7%95%d7%a7%d7%95%d7%9c%d7%93-%d7%a6%d7%99%d7%a4%d7%a1-45-%d7%92%d7%a8\/#breadcrumb\",\"itemListElement\":[{\"@type\":\"ListItem\",\"position\":1,\"name\":\"Prima pagin\u0103\",\"item\":\"https:\/\/online.moise.group\/he\/\"},{\"@type\":\"ListItem\",\"position\":2,\"name\":\"\u05de\u05db\u05d5\u05dc\u05ea\",\"item\":\"https:\/\/ydkjqlrx.elementor.cloud\/he\/%d7%97%d7%a0%d7%95%d7%aa\/\"},{\"@type\":\"ListItem\",\"position\":3,\"name\":\"\u05d0\u05d7\u05d5\u05d5\u05d4 &#8211; \u05e2\u05d5\u05d2\u05d4 \u05d0\u05d9\u05e9\u05d9\u05ea \u05d1\u05d8\u05e2\u05dd \u05e9\u05d5\u05e7\u05d5\u05dc\u05d3 \u05e6&#8217;\u05d9\u05e4\u05e1 &#8211; 45 \u05d2\u05e8&#8217;\"}]},{\"@type\":\"WebSite\",\"@id\":\"https:\/\/moise.raduandreialin.com\/#website\",\"url\":\"https:\/\/moise.raduandreialin.com\/\",\"name\":\"\u05de\u05e1\u05e2\u05d3\u05d4 \u05d5\u05de\u05db\u05d5\u05dc\u05ea \u05db\u05e9\u05e8\u05d4, \u05d3\u05d9\u05e8\u05d5\u05ea \u05d0\u05d9\u05e8\u05d5\u05d7 \u05de\u05d5\u05ea\u05d0\u05de\u05d5\u05ea \u05d5\u05e1\u05e2\u05d5\u05d3\u05d5\u05ea \u05e9\u05d1\u05ea.\",\"description\":\"Dac\u0103 sunte\u021bi \u00een c\u0103utarea unei experien\u021be culinare ebraice autentice, Moise Kosher este locul perfect pentru dumneavoastr\u0103. Meniul nostru include o gam\u0103 variat\u0103 de m\u00e2nc\u0103ruri tradi\u021bionale evreie\u0219ti, preparate cu ingrediente proaspete \u0219i de \u00eenalt\u0103 calitate. De asemenea, oferim o varietate de preparate de shabbat, precum \u0219i cazare la hoteluri kosher.\",\"publisher\":{\"@id\":\"https:\/\/moise.raduandreialin.com\/#organization\"},\"potentialAction\":[{\"@type\":\"SearchAction\",\"target\":{\"@type\":\"EntryPoint\",\"urlTemplate\":\"https:\/\/moise.raduandreialin.com\/?s={search_term_string}\"},\"query-input\":{\"@type\":\"PropertyValueSpecification\",\"valueRequired\":true,\"valueName\":\"search_term_string\"}}],\"inLanguage\":\"he-IL\"},{\"@type\":\"Organization\",\"@id\":\"https:\/\/moise.raduandreialin.com\/#organization\",\"name\":\"\u05de\u05e1\u05e2\u05d3\u05d4 \u05d5\u05de\u05db\u05d5\u05dc\u05ea \u05db\u05e9\u05e8\u05d4, \u05d3\u05d9\u05e8\u05d5\u05ea \u05d0\u05d9\u05e8\u05d5\u05d7 \u05de\u05d5\u05ea\u05d0\u05de\u05d5\u05ea \u05d5\u05e1\u05e2\u05d5\u05d3\u05d5\u05ea \u05e9\u05d1\u05ea.\",\"url\":\"https:\/\/moise.raduandreialin.com\/\",\"logo\":{\"@type\":\"ImageObject\",\"inLanguage\":\"he-IL\",\"@id\":\"https:\/\/moise.raduandreialin.com\/#\/schema\/logo\/image\/\",\"url\":\"https:\/\/online.moise.group\/wp-content\/uploads\/2023\/12\/KOSHER-RESTAURANT-4.svg\",\"contentUrl\":\"https:\/\/online.moise.group\/wp-content\/uploads\/2023\/12\/KOSHER-RESTAURANT-4.svg\",\"width\":1169,\"height\":445,\"caption\":\"\u05de\u05e1\u05e2\u05d3\u05d4 \u05d5\u05de\u05db\u05d5\u05dc\u05ea \u05db\u05e9\u05e8\u05d4, \u05d3\u05d9\u05e8\u05d5\u05ea \u05d0\u05d9\u05e8\u05d5\u05d7 \u05de\u05d5\u05ea\u05d0\u05de\u05d5\u05ea \u05d5\u05e1\u05e2\u05d5\u05d3\u05d5\u05ea \u05e9\u05d1\u05ea.\"},\"image\":{\"@id\":\"https:\/\/moise.raduandreialin.com\/#\/schema\/logo\/image\/\"},\"sameAs\":[\"https:\/\/www.facebook.com\/moise.group\/\"]}]}<\/script>\n<!-- \/ Yoast SEO Premium plugin. -->","yoast_head_json":{"title":"\u05d0\u05d7\u05d5\u05d5\u05d4 - \u05e2\u05d5\u05d2\u05d4 \u05d0\u05d9\u05e9\u05d9\u05ea \u05d1\u05d8\u05e2\u05dd \u05e9\u05d5\u05e7\u05d5\u05dc\u05d3 \u05e6'\u05d9\u05e4\u05e1 - 45 \u05d2\u05e8' - \u05de\u05e1\u05e2\u05d3\u05d4 \u05d5\u05de\u05db\u05d5\u05dc\u05ea \u05db\u05e9\u05e8\u05d4, \u05d3\u05d9\u05e8\u05d5\u05ea \u05d0\u05d9\u05e8\u05d5\u05d7 \u05de\u05d5\u05ea\u05d0\u05de\u05d5\u05ea \u05d5\u05e1\u05e2\u05d5\u05d3\u05d5\u05ea \u05e9\u05d1\u05ea.","robots":{"index":"index","follow":"follow","max-snippet":"max-snippet:-1","max-image-preview":"max-image-preview:large","max-video-preview":"max-video-preview:-1"},"canonical":"https:\/\/ydkjqlrx.elementor.cloud\/he\/\u05de\u05d5\u05e6\u05e8\/\u05d0\u05d7\u05d5\u05d5\u05d4-\u05e2\u05d5\u05d2\u05d4-\u05d0\u05d9\u05e9\u05d9\u05ea-\u05d1\u05d8\u05e2\u05dd-\u05e9\u05d5\u05e7\u05d5\u05dc\u05d3-\u05e6\u05d9\u05e4\u05e1-45-\u05d2\u05e8\/","og_locale":"he_IL","og_type":"article","og_title":"\u05d0\u05d7\u05d5\u05d5\u05d4 - \u05e2\u05d5\u05d2\u05d4 \u05d0\u05d9\u05e9\u05d9\u05ea \u05d1\u05d8\u05e2\u05dd \u05e9\u05d5\u05e7\u05d5\u05dc\u05d3 \u05e6'\u05d9\u05e4\u05e1 - 45 \u05d2\u05e8'","og_description":"\u05d0\u05d7\u05d5\u05d5\u05d4 &#8211; \u05e2\u05d5\u05d2\u05d4 \u05d0\u05d9\u05e9\u05d9\u05ea \u05d1\u05d8\u05e2\u05dd \u05e9\u05d5\u05e7\u05d5\u05dc\u05d3 \u05e6&#8217;\u05d9\u05e4\u05e1 &#8211; 45 \u05d2\u05e8&#8217; \u05e8\u05db\u05d9\u05d1\u05d9\u05dd: \u05e7\u05de\u05d7 \u05d7\u05d9\u05d8\u05d4, \u05e1\u05d5\u05db\u05e8, \u05de\u05d9\u05dd, \u05d1\u05d9\u05e6\u05d9\u05dd, \u05e9\u05de\u05df \u05e6\u05de\u05d7\u05d9 (\u05d3\u05e7\u05dc \u05d5\u05e4\u05d5\u05dc\u05d9","og_url":"https:\/\/ydkjqlrx.elementor.cloud\/he\/\u05de\u05d5\u05e6\u05e8\/\u05d0\u05d7\u05d5\u05d5\u05d4-\u05e2\u05d5\u05d2\u05d4-\u05d0\u05d9\u05e9\u05d9\u05ea-\u05d1\u05d8\u05e2\u05dd-\u05e9\u05d5\u05e7\u05d5\u05dc\u05d3-\u05e6\u05d9\u05e4\u05e1-45-\u05d2\u05e8\/","og_site_name":"\u05de\u05e1\u05e2\u05d3\u05d4 \u05d5\u05de\u05db\u05d5\u05dc\u05ea \u05db\u05e9\u05e8\u05d4, \u05d3\u05d9\u05e8\u05d5\u05ea \u05d0\u05d9\u05e8\u05d5\u05d7 \u05de\u05d5\u05ea\u05d0\u05de\u05d5\u05ea \u05d5\u05e1\u05e2\u05d5\u05d3\u05d5\u05ea \u05e9\u05d1\u05ea.","article_publisher":"https:\/\/www.facebook.com\/moise.group\/","article_modified_time":"2023-12-26T12:45:09+00:00","og_image":[{"width":800,"height":800,"url":"https:\/\/ydkjqlrx.elementor.cloud\/wp-content\/uploads\/2023\/07\/7290017275246-1.png","type":"image\/png"}],"twitter_card":"summary_large_image","schema":{"@context":"https:\/\/schema.org","@graph":[{"@type":"WebPage","@id":"https:\/\/ydkjqlrx.elementor.cloud\/he\/\u05de\u05d5\u05e6\u05e8\/%d7%90%d7%97%d7%95%d7%95%d7%94-%d7%a2%d7%95%d7%92%d7%94-%d7%90%d7%99%d7%a9%d7%99%d7%aa-%d7%91%d7%98%d7%a2%d7%9d-%d7%a9%d7%95%d7%a7%d7%95%d7%9c%d7%93-%d7%a6%d7%99%d7%a4%d7%a1-45-%d7%92%d7%a8\/","url":"https:\/\/ydkjqlrx.elementor.cloud\/he\/\u05de\u05d5\u05e6\u05e8\/%d7%90%d7%97%d7%95%d7%95%d7%94-%d7%a2%d7%95%d7%92%d7%94-%d7%90%d7%99%d7%a9%d7%99%d7%aa-%d7%91%d7%98%d7%a2%d7%9d-%d7%a9%d7%95%d7%a7%d7%95%d7%9c%d7%93-%d7%a6%d7%99%d7%a4%d7%a1-45-%d7%92%d7%a8\/","name":"\u05d0\u05d7\u05d5\u05d5\u05d4 - \u05e2\u05d5\u05d2\u05d4 \u05d0\u05d9\u05e9\u05d9\u05ea \u05d1\u05d8\u05e2\u05dd \u05e9\u05d5\u05e7\u05d5\u05dc\u05d3 \u05e6'\u05d9\u05e4\u05e1 - 45 \u05d2\u05e8' - \u05de\u05e1\u05e2\u05d3\u05d4 \u05d5\u05de\u05db\u05d5\u05dc\u05ea \u05db\u05e9\u05e8\u05d4, \u05d3\u05d9\u05e8\u05d5\u05ea \u05d0\u05d9\u05e8\u05d5\u05d7 \u05de\u05d5\u05ea\u05d0\u05de\u05d5\u05ea \u05d5\u05e1\u05e2\u05d5\u05d3\u05d5\u05ea \u05e9\u05d1\u05ea.","isPartOf":{"@id":"https:\/\/moise.raduandreialin.com\/#website"},"primaryImageOfPage":{"@id":"https:\/\/ydkjqlrx.elementor.cloud\/he\/\u05de\u05d5\u05e6\u05e8\/%d7%90%d7%97%d7%95%d7%95%d7%94-%d7%a2%d7%95%d7%92%d7%94-%d7%90%d7%99%d7%a9%d7%99%d7%aa-%d7%91%d7%98%d7%a2%d7%9d-%d7%a9%d7%95%d7%a7%d7%95%d7%9c%d7%93-%d7%a6%d7%99%d7%a4%d7%a1-45-%d7%92%d7%a8\/#primaryimage"},"image":{"@id":"https:\/\/ydkjqlrx.elementor.cloud\/he\/\u05de\u05d5\u05e6\u05e8\/%d7%90%d7%97%d7%95%d7%95%d7%94-%d7%a2%d7%95%d7%92%d7%94-%d7%90%d7%99%d7%a9%d7%99%d7%aa-%d7%91%d7%98%d7%a2%d7%9d-%d7%a9%d7%95%d7%a7%d7%95%d7%9c%d7%93-%d7%a6%d7%99%d7%a4%d7%a1-45-%d7%92%d7%a8\/#primaryimage"},"thumbnailUrl":"https:\/\/online.moise.group\/wp-content\/uploads\/2023\/07\/7290017275246-1.png","datePublished":"2022-06-02T15:38:36+00:00","dateModified":"2023-12-26T12:45:09+00:00","breadcrumb":{"@id":"https:\/\/ydkjqlrx.elementor.cloud\/he\/\u05de\u05d5\u05e6\u05e8\/%d7%90%d7%97%d7%95%d7%95%d7%94-%d7%a2%d7%95%d7%92%d7%94-%d7%90%d7%99%d7%a9%d7%99%d7%aa-%d7%91%d7%98%d7%a2%d7%9d-%d7%a9%d7%95%d7%a7%d7%95%d7%9c%d7%93-%d7%a6%d7%99%d7%a4%d7%a1-45-%d7%92%d7%a8\/#breadcrumb"},"inLanguage":"he-IL","potentialAction":[{"@type":"ReadAction","target":["https:\/\/ydkjqlrx.elementor.cloud\/he\/\u05de\u05d5\u05e6\u05e8\/%d7%90%d7%97%d7%95%d7%95%d7%94-%d7%a2%d7%95%d7%92%d7%94-%d7%90%d7%99%d7%a9%d7%99%d7%aa-%d7%91%d7%98%d7%a2%d7%9d-%d7%a9%d7%95%d7%a7%d7%95%d7%9c%d7%93-%d7%a6%d7%99%d7%a4%d7%a1-45-%d7%92%d7%a8\/"]}]},{"@type":"ImageObject","inLanguage":"he-IL","@id":"https:\/\/ydkjqlrx.elementor.cloud\/he\/\u05de\u05d5\u05e6\u05e8\/%d7%90%d7%97%d7%95%d7%95%d7%94-%d7%a2%d7%95%d7%92%d7%94-%d7%90%d7%99%d7%a9%d7%99%d7%aa-%d7%91%d7%98%d7%a2%d7%9d-%d7%a9%d7%95%d7%a7%d7%95%d7%9c%d7%93-%d7%a6%d7%99%d7%a4%d7%a1-45-%d7%92%d7%a8\/#primaryimage","url":"https:\/\/online.moise.group\/wp-content\/uploads\/2023\/07\/7290017275246-1.png","contentUrl":"https:\/\/online.moise.group\/wp-content\/uploads\/2023\/07\/7290017275246-1.png","width":800,"height":800},{"@type":"BreadcrumbList","@id":"https:\/\/ydkjqlrx.elementor.cloud\/he\/\u05de\u05d5\u05e6\u05e8\/%d7%90%d7%97%d7%95%d7%95%d7%94-%d7%a2%d7%95%d7%92%d7%94-%d7%90%d7%99%d7%a9%d7%99%d7%aa-%d7%91%d7%98%d7%a2%d7%9d-%d7%a9%d7%95%d7%a7%d7%95%d7%9c%d7%93-%d7%a6%d7%99%d7%a4%d7%a1-45-%d7%92%d7%a8\/#breadcrumb","itemListElement":[{"@type":"ListItem","position":1,"name":"Prima pagin\u0103","item":"https:\/\/online.moise.group\/he\/"},{"@type":"ListItem","position":2,"name":"\u05de\u05db\u05d5\u05dc\u05ea","item":"https:\/\/ydkjqlrx.elementor.cloud\/he\/%d7%97%d7%a0%d7%95%d7%aa\/"},{"@type":"ListItem","position":3,"name":"\u05d0\u05d7\u05d5\u05d5\u05d4 &#8211; \u05e2\u05d5\u05d2\u05d4 \u05d0\u05d9\u05e9\u05d9\u05ea \u05d1\u05d8\u05e2\u05dd \u05e9\u05d5\u05e7\u05d5\u05dc\u05d3 \u05e6&#8217;\u05d9\u05e4\u05e1 &#8211; 45 \u05d2\u05e8&#8217;"}]},{"@type":"WebSite","@id":"https:\/\/moise.raduandreialin.com\/#website","url":"https:\/\/moise.raduandreialin.com\/","name":"\u05de\u05e1\u05e2\u05d3\u05d4 \u05d5\u05de\u05db\u05d5\u05dc\u05ea \u05db\u05e9\u05e8\u05d4, \u05d3\u05d9\u05e8\u05d5\u05ea \u05d0\u05d9\u05e8\u05d5\u05d7 \u05de\u05d5\u05ea\u05d0\u05de\u05d5\u05ea \u05d5\u05e1\u05e2\u05d5\u05d3\u05d5\u05ea \u05e9\u05d1\u05ea.","description":"Dac\u0103 sunte\u021bi \u00een c\u0103utarea unei experien\u021be culinare ebraice autentice, Moise Kosher este locul perfect pentru dumneavoastr\u0103. Meniul nostru include o gam\u0103 variat\u0103 de m\u00e2nc\u0103ruri tradi\u021bionale evreie\u0219ti, preparate cu ingrediente proaspete \u0219i de \u00eenalt\u0103 calitate. De asemenea, oferim o varietate de preparate de shabbat, precum \u0219i cazare la hoteluri kosher.","publisher":{"@id":"https:\/\/moise.raduandreialin.com\/#organization"},"potentialAction":[{"@type":"SearchAction","target":{"@type":"EntryPoint","urlTemplate":"https:\/\/moise.raduandreialin.com\/?s={search_term_string}"},"query-input":{"@type":"PropertyValueSpecification","valueRequired":true,"valueName":"search_term_string"}}],"inLanguage":"he-IL"},{"@type":"Organization","@id":"https:\/\/moise.raduandreialin.com\/#organization","name":"\u05de\u05e1\u05e2\u05d3\u05d4 \u05d5\u05de\u05db\u05d5\u05dc\u05ea \u05db\u05e9\u05e8\u05d4, \u05d3\u05d9\u05e8\u05d5\u05ea \u05d0\u05d9\u05e8\u05d5\u05d7 \u05de\u05d5\u05ea\u05d0\u05de\u05d5\u05ea \u05d5\u05e1\u05e2\u05d5\u05d3\u05d5\u05ea \u05e9\u05d1\u05ea.","url":"https:\/\/moise.raduandreialin.com\/","logo":{"@type":"ImageObject","inLanguage":"he-IL","@id":"https:\/\/moise.raduandreialin.com\/#\/schema\/logo\/image\/","url":"https:\/\/online.moise.group\/wp-content\/uploads\/2023\/12\/KOSHER-RESTAURANT-4.svg","contentUrl":"https:\/\/online.moise.group\/wp-content\/uploads\/2023\/12\/KOSHER-RESTAURANT-4.svg","width":1169,"height":445,"caption":"\u05de\u05e1\u05e2\u05d3\u05d4 \u05d5\u05de\u05db\u05d5\u05dc\u05ea \u05db\u05e9\u05e8\u05d4, \u05d3\u05d9\u05e8\u05d5\u05ea \u05d0\u05d9\u05e8\u05d5\u05d7 \u05de\u05d5\u05ea\u05d0\u05de\u05d5\u05ea \u05d5\u05e1\u05e2\u05d5\u05d3\u05d5\u05ea \u05e9\u05d1\u05ea."},"image":{"@id":"https:\/\/moise.raduandreialin.com\/#\/schema\/logo\/image\/"},"sameAs":["https:\/\/www.facebook.com\/moise.group\/"]}]}},"_links":{"self":[{"href":"https:\/\/online.moise.group\/he\/wp-json\/wp\/v2\/product\/96455","targetHints":{"allow":["GET"]}}],"collection":[{"href":"https:\/\/online.moise.group\/he\/wp-json\/wp\/v2\/product"}],"about":[{"href":"https:\/\/online.moise.group\/he\/wp-json\/wp\/v2\/types\/product"}],"replies":[{"embeddable":true,"href":"https:\/\/online.moise.group\/he\/wp-json\/wp\/v2\/comments?post=96455"}],"version-history":[{"count":0,"href":"https:\/\/online.moise.group\/he\/wp-json\/wp\/v2\/product\/96455\/revisions"}],"wp:featuredmedia":[{"embeddable":true,"href":"https:\/\/online.moise.group\/he\/wp-json\/wp\/v2\/media\/86083"}],"wp:attachment":[{"href":"https:\/\/online.moise.group\/he\/wp-json\/wp\/v2\/media?parent=96455"}],"wp:term":[{"taxonomy":"product_cat","embeddable":true,"href":"https:\/\/online.moise.group\/he\/wp-json\/wp\/v2\/product_cat?post=96455"},{"taxonomy":"product_tag","embeddable":true,"href":"https:\/\/online.moise.group\/he\/wp-json\/wp\/v2\/product_tag?post=96455"}],"curies":[{"name":"wp","href":"https:\/\/api.w.org\/{rel}","templated":true}]}}