{"id":96641,"date":"2022-10-24T17:14:35","date_gmt":"2022-10-24T17:14:35","guid":{"rendered":"https:\/\/online.moise.group\/produs\/dsm-%d7%9e%d7%95%d7%9f-%d7%a4%d7%9c%d7%98%d7%99%d7%9f-%d7%a1%d7%a8%d7%95%d7%9d-%d7%9e%d7%97%d7%96%d7%a7-%d7%a9%d7%99%d7%a2%d7%a8-60-%d7%9e%d7%9c\/"},"modified":"2022-10-24T17:14:35","modified_gmt":"2022-10-24T17:14:35","slug":"dsm-%d7%9e%d7%95%d7%9f-%d7%a4%d7%9c%d7%98%d7%99%d7%9f-%d7%a1%d7%a8%d7%95%d7%9d-%d7%9e%d7%97%d7%96%d7%a7-%d7%a9%d7%99%d7%a2%d7%a8-60-%d7%9e%d7%9c","status":"publish","type":"product","link":"https:\/\/online.moise.group\/he\/\u05de\u05d5\u05e6\u05e8\/dsm-%d7%9e%d7%95%d7%9f-%d7%a4%d7%9c%d7%98%d7%99%d7%9f-%d7%a1%d7%a8%d7%95%d7%9d-%d7%9e%d7%97%d7%96%d7%a7-%d7%a9%d7%99%d7%a2%d7%a8-60-%d7%9e%d7%9c\/","title":{"rendered":"DSM &#8211; \u05de\u05d5\u05df \u05e4\u05dc\u05d8\u05d9\u05df &#8211; \u05e1\u05e8\u05d5\u05dd \u05de\u05d7\u05d6\u05e7 \u05e9\u05d9\u05e2\u05e8 &#8211; 60 \u05de&#8221;\u05dc"},"content":{"rendered":"<p>DSM &#8211; \u05de\u05d5\u05df \u05e4\u05dc\u05d8\u05d9\u05df &#8211; \u05e1\u05e8\u05d5\u05dd \u05de\u05d7\u05d6\u05e7 \u05e9\u05d9\u05e2\u05e8 &#8211; 60 \u05de&#8221;\u05dc<\/p>\n<p>O formula complet noua pentru tratarea parului deteriorat sau dupa actiunea chimica asupra parului (culoare\/perm). Revitalizeaza parul, lasandu-l stralucitor si moale . UN complex exluziv de ulei imbogatit cu jeleu regal si proteine de matase, care contine zaharuri si aminoacizi pentru a hrani parul si scalpul cu ingredientele necesare pentru repararea parului si mai ales a scalpului dupa procesul de colorare. Pe baza unui compus din ulei de in si seminte de struguri, precum si ulei de jojoba pentru a pastra si proteja parul. Contine esenta de rodie si ceai verde pentru a preveni oxidarea care poate deteriora parul si scalpul.<\/p>\n<p>&nbsp;<\/p>\n","protected":false},"excerpt":{"rendered":"<p>DSM &#8211; \u05de\u05d5\u05df \u05e4\u05dc\u05d8\u05d9\u05df &#8211; \u05e1\u05e8\u05d5\u05dd \u05de\u05d7\u05d6\u05e7 \u05e9\u05d9\u05e2\u05e8 &#8211; 60 \u05de&#8221;\u05dc O formula complet noua pentru tratarea parului deteriorat sau<\/p>\n","protected":false},"featured_media":86657,"comment_status":"open","ping_status":"closed","template":"","meta":[],"product_cat":[1191,1240,1172],"product_tag":[2502,1371],"class_list":{"0":"post-96641","1":"product","2":"type-product","3":"status-publish","4":"has-post-thumbnail","6":"product_cat-1191","7":"product_cat-1240","8":"product_cat-1172","9":"product_tag-dsm-he","10":"product_tag-1371","12":"first","13":"instock","14":"taxable","15":"shipping-taxable","16":"purchasable","17":"product-type-simple"},"yoast_head":"<!-- This site is optimized with the Yoast SEO Premium plugin v23.7 (Yoast SEO v23.7) - https:\/\/yoast.com\/wordpress\/plugins\/seo\/ -->\n<title>DSM - \u05de\u05d5\u05df \u05e4\u05dc\u05d8\u05d9\u05df - \u05e1\u05e8\u05d5\u05dd \u05de\u05d7\u05d6\u05e7 \u05e9\u05d9\u05e2\u05e8 - 60 \u05de&quot;\u05dc - \u05de\u05e1\u05e2\u05d3\u05d4 \u05d5\u05de\u05db\u05d5\u05dc\u05ea \u05db\u05e9\u05e8\u05d4, \u05d3\u05d9\u05e8\u05d5\u05ea \u05d0\u05d9\u05e8\u05d5\u05d7 \u05de\u05d5\u05ea\u05d0\u05de\u05d5\u05ea \u05d5\u05e1\u05e2\u05d5\u05d3\u05d5\u05ea \u05e9\u05d1\u05ea.<\/title>\n<meta name=\"robots\" content=\"index, follow, max-snippet:-1, max-image-preview:large, max-video-preview:-1\" \/>\n<link rel=\"canonical\" href=\"https:\/\/ydkjqlrx.elementor.cloud\/produs\/dsm-\u05de\u05d5\u05df-\u05e4\u05dc\u05d8\u05d9\u05df-\u05e1\u05e8\u05d5\u05dd-\u05de\u05d7\u05d6\u05e7-\u05e9\u05d9\u05e2\u05e8-60-\u05de\u05dc\/\" \/>\n<meta property=\"og:locale\" content=\"he_IL\" \/>\n<meta property=\"og:type\" content=\"article\" \/>\n<meta property=\"og:title\" content=\"DSM - \u05de\u05d5\u05df \u05e4\u05dc\u05d8\u05d9\u05df - \u05e1\u05e8\u05d5\u05dd \u05de\u05d7\u05d6\u05e7 \u05e9\u05d9\u05e2\u05e8 - 60 \u05de&quot;\u05dc\" \/>\n<meta property=\"og:description\" content=\"DSM &#8211; \u05de\u05d5\u05df \u05e4\u05dc\u05d8\u05d9\u05df &#8211; \u05e1\u05e8\u05d5\u05dd \u05de\u05d7\u05d6\u05e7 \u05e9\u05d9\u05e2\u05e8 &#8211; 60 \u05de&#8221;\u05dc O formula complet noua pentru tratarea parului deteriorat sau\" \/>\n<meta property=\"og:url\" content=\"https:\/\/ydkjqlrx.elementor.cloud\/produs\/dsm-\u05de\u05d5\u05df-\u05e4\u05dc\u05d8\u05d9\u05df-\u05e1\u05e8\u05d5\u05dd-\u05de\u05d7\u05d6\u05e7-\u05e9\u05d9\u05e2\u05e8-60-\u05de\u05dc\/\" \/>\n<meta property=\"og:site_name\" content=\"\u05de\u05e1\u05e2\u05d3\u05d4 \u05d5\u05de\u05db\u05d5\u05dc\u05ea \u05db\u05e9\u05e8\u05d4, \u05d3\u05d9\u05e8\u05d5\u05ea \u05d0\u05d9\u05e8\u05d5\u05d7 \u05de\u05d5\u05ea\u05d0\u05de\u05d5\u05ea \u05d5\u05e1\u05e2\u05d5\u05d3\u05d5\u05ea \u05e9\u05d1\u05ea.\" \/>\n<meta property=\"article:publisher\" content=\"https:\/\/www.facebook.com\/moise.group\/\" \/>\n<meta name=\"twitter:card\" content=\"summary_large_image\" \/>\n<meta name=\"twitter:label1\" content=\"\u05d6\u05de\u05df \u05e7\u05e8\u05d9\u05d0\u05d4 \u05de\u05d5\u05e2\u05e8\u05da\" \/>\n\t<meta name=\"twitter:data1\" content=\"\u05d3\u05e7\u05d41\" \/>\n<script type=\"application\/ld+json\" class=\"yoast-schema-graph\">{\"@context\":\"https:\/\/schema.org\",\"@graph\":[{\"@type\":\"WebPage\",\"@id\":\"https:\/\/ydkjqlrx.elementor.cloud\/produs\/dsm-%d7%9e%d7%95%d7%9f-%d7%a4%d7%9c%d7%98%d7%99%d7%9f-%d7%a1%d7%a8%d7%95%d7%9d-%d7%9e%d7%97%d7%96%d7%a7-%d7%a9%d7%99%d7%a2%d7%a8-60-%d7%9e%d7%9c\/\",\"url\":\"https:\/\/ydkjqlrx.elementor.cloud\/produs\/dsm-%d7%9e%d7%95%d7%9f-%d7%a4%d7%9c%d7%98%d7%99%d7%9f-%d7%a1%d7%a8%d7%95%d7%9d-%d7%9e%d7%97%d7%96%d7%a7-%d7%a9%d7%99%d7%a2%d7%a8-60-%d7%9e%d7%9c\/\",\"name\":\"DSM - \u05de\u05d5\u05df \u05e4\u05dc\u05d8\u05d9\u05df - \u05e1\u05e8\u05d5\u05dd \u05de\u05d7\u05d6\u05e7 \u05e9\u05d9\u05e2\u05e8 - 60 \u05de\\\"\u05dc - \u05de\u05e1\u05e2\u05d3\u05d4 \u05d5\u05de\u05db\u05d5\u05dc\u05ea \u05db\u05e9\u05e8\u05d4, \u05d3\u05d9\u05e8\u05d5\u05ea \u05d0\u05d9\u05e8\u05d5\u05d7 \u05de\u05d5\u05ea\u05d0\u05de\u05d5\u05ea \u05d5\u05e1\u05e2\u05d5\u05d3\u05d5\u05ea \u05e9\u05d1\u05ea.\",\"isPartOf\":{\"@id\":\"https:\/\/moise.raduandreialin.com\/#website\"},\"primaryImageOfPage\":{\"@id\":\"https:\/\/ydkjqlrx.elementor.cloud\/produs\/dsm-%d7%9e%d7%95%d7%9f-%d7%a4%d7%9c%d7%98%d7%99%d7%9f-%d7%a1%d7%a8%d7%95%d7%9d-%d7%9e%d7%97%d7%96%d7%a7-%d7%a9%d7%99%d7%a2%d7%a8-60-%d7%9e%d7%9c\/#primaryimage\"},\"image\":{\"@id\":\"https:\/\/ydkjqlrx.elementor.cloud\/produs\/dsm-%d7%9e%d7%95%d7%9f-%d7%a4%d7%9c%d7%98%d7%99%d7%9f-%d7%a1%d7%a8%d7%95%d7%9d-%d7%9e%d7%97%d7%96%d7%a7-%d7%a9%d7%99%d7%a2%d7%a8-60-%d7%9e%d7%9c\/#primaryimage\"},\"thumbnailUrl\":\"https:\/\/online.moise.group\/wp-content\/uploads\/2023\/07\/s-l1600.jpg\",\"datePublished\":\"2022-10-24T17:14:35+00:00\",\"dateModified\":\"2022-10-24T17:14:35+00:00\",\"breadcrumb\":{\"@id\":\"https:\/\/ydkjqlrx.elementor.cloud\/produs\/dsm-%d7%9e%d7%95%d7%9f-%d7%a4%d7%9c%d7%98%d7%99%d7%9f-%d7%a1%d7%a8%d7%95%d7%9d-%d7%9e%d7%97%d7%96%d7%a7-%d7%a9%d7%99%d7%a2%d7%a8-60-%d7%9e%d7%9c\/#breadcrumb\"},\"inLanguage\":\"he-IL\",\"potentialAction\":[{\"@type\":\"ReadAction\",\"target\":[\"https:\/\/ydkjqlrx.elementor.cloud\/produs\/dsm-%d7%9e%d7%95%d7%9f-%d7%a4%d7%9c%d7%98%d7%99%d7%9f-%d7%a1%d7%a8%d7%95%d7%9d-%d7%9e%d7%97%d7%96%d7%a7-%d7%a9%d7%99%d7%a2%d7%a8-60-%d7%9e%d7%9c\/\"]}]},{\"@type\":\"ImageObject\",\"inLanguage\":\"he-IL\",\"@id\":\"https:\/\/ydkjqlrx.elementor.cloud\/produs\/dsm-%d7%9e%d7%95%d7%9f-%d7%a4%d7%9c%d7%98%d7%99%d7%9f-%d7%a1%d7%a8%d7%95%d7%9d-%d7%9e%d7%97%d7%96%d7%a7-%d7%a9%d7%99%d7%a2%d7%a8-60-%d7%9e%d7%9c\/#primaryimage\",\"url\":\"https:\/\/online.moise.group\/wp-content\/uploads\/2023\/07\/s-l1600.jpg\",\"contentUrl\":\"https:\/\/online.moise.group\/wp-content\/uploads\/2023\/07\/s-l1600.jpg\",\"width\":600,\"height\":600},{\"@type\":\"BreadcrumbList\",\"@id\":\"https:\/\/ydkjqlrx.elementor.cloud\/produs\/dsm-%d7%9e%d7%95%d7%9f-%d7%a4%d7%9c%d7%98%d7%99%d7%9f-%d7%a1%d7%a8%d7%95%d7%9d-%d7%9e%d7%97%d7%96%d7%a7-%d7%a9%d7%99%d7%a2%d7%a8-60-%d7%9e%d7%9c\/#breadcrumb\",\"itemListElement\":[{\"@type\":\"ListItem\",\"position\":1,\"name\":\"Prima pagin\u0103\",\"item\":\"https:\/\/online.moise.group\/he\/\"},{\"@type\":\"ListItem\",\"position\":2,\"name\":\"\u05de\u05db\u05d5\u05dc\u05ea\",\"item\":\"https:\/\/ydkjqlrx.elementor.cloud\/he\/%d7%97%d7%a0%d7%95%d7%aa\/\"},{\"@type\":\"ListItem\",\"position\":3,\"name\":\"DSM &#8211; \u05de\u05d5\u05df \u05e4\u05dc\u05d8\u05d9\u05df &#8211; \u05e1\u05e8\u05d5\u05dd \u05de\u05d7\u05d6\u05e7 \u05e9\u05d9\u05e2\u05e8 &#8211; 60 \u05de&#8221;\u05dc\"}]},{\"@type\":\"WebSite\",\"@id\":\"https:\/\/moise.raduandreialin.com\/#website\",\"url\":\"https:\/\/moise.raduandreialin.com\/\",\"name\":\"\u05de\u05e1\u05e2\u05d3\u05d4 \u05d5\u05de\u05db\u05d5\u05dc\u05ea \u05db\u05e9\u05e8\u05d4, \u05d3\u05d9\u05e8\u05d5\u05ea \u05d0\u05d9\u05e8\u05d5\u05d7 \u05de\u05d5\u05ea\u05d0\u05de\u05d5\u05ea \u05d5\u05e1\u05e2\u05d5\u05d3\u05d5\u05ea \u05e9\u05d1\u05ea.\",\"description\":\"Dac\u0103 sunte\u021bi \u00een c\u0103utarea unei experien\u021be culinare ebraice autentice, Moise Kosher este locul perfect pentru dumneavoastr\u0103. Meniul nostru include o gam\u0103 variat\u0103 de m\u00e2nc\u0103ruri tradi\u021bionale evreie\u0219ti, preparate cu ingrediente proaspete \u0219i de \u00eenalt\u0103 calitate. De asemenea, oferim o varietate de preparate de shabbat, precum \u0219i cazare la hoteluri kosher.\",\"publisher\":{\"@id\":\"https:\/\/moise.raduandreialin.com\/#organization\"},\"potentialAction\":[{\"@type\":\"SearchAction\",\"target\":{\"@type\":\"EntryPoint\",\"urlTemplate\":\"https:\/\/moise.raduandreialin.com\/?s={search_term_string}\"},\"query-input\":{\"@type\":\"PropertyValueSpecification\",\"valueRequired\":true,\"valueName\":\"search_term_string\"}}],\"inLanguage\":\"he-IL\"},{\"@type\":\"Organization\",\"@id\":\"https:\/\/moise.raduandreialin.com\/#organization\",\"name\":\"\u05de\u05e1\u05e2\u05d3\u05d4 \u05d5\u05de\u05db\u05d5\u05dc\u05ea \u05db\u05e9\u05e8\u05d4, \u05d3\u05d9\u05e8\u05d5\u05ea \u05d0\u05d9\u05e8\u05d5\u05d7 \u05de\u05d5\u05ea\u05d0\u05de\u05d5\u05ea \u05d5\u05e1\u05e2\u05d5\u05d3\u05d5\u05ea \u05e9\u05d1\u05ea.\",\"url\":\"https:\/\/moise.raduandreialin.com\/\",\"logo\":{\"@type\":\"ImageObject\",\"inLanguage\":\"he-IL\",\"@id\":\"https:\/\/moise.raduandreialin.com\/#\/schema\/logo\/image\/\",\"url\":\"https:\/\/online.moise.group\/wp-content\/uploads\/2023\/12\/KOSHER-RESTAURANT-4.svg\",\"contentUrl\":\"https:\/\/online.moise.group\/wp-content\/uploads\/2023\/12\/KOSHER-RESTAURANT-4.svg\",\"width\":1169,\"height\":445,\"caption\":\"\u05de\u05e1\u05e2\u05d3\u05d4 \u05d5\u05de\u05db\u05d5\u05dc\u05ea \u05db\u05e9\u05e8\u05d4, \u05d3\u05d9\u05e8\u05d5\u05ea \u05d0\u05d9\u05e8\u05d5\u05d7 \u05de\u05d5\u05ea\u05d0\u05de\u05d5\u05ea \u05d5\u05e1\u05e2\u05d5\u05d3\u05d5\u05ea \u05e9\u05d1\u05ea.\"},\"image\":{\"@id\":\"https:\/\/moise.raduandreialin.com\/#\/schema\/logo\/image\/\"},\"sameAs\":[\"https:\/\/www.facebook.com\/moise.group\/\"]}]}<\/script>\n<!-- \/ Yoast SEO Premium plugin. -->","yoast_head_json":{"title":"DSM - \u05de\u05d5\u05df \u05e4\u05dc\u05d8\u05d9\u05df - \u05e1\u05e8\u05d5\u05dd \u05de\u05d7\u05d6\u05e7 \u05e9\u05d9\u05e2\u05e8 - 60 \u05de\"\u05dc - \u05de\u05e1\u05e2\u05d3\u05d4 \u05d5\u05de\u05db\u05d5\u05dc\u05ea \u05db\u05e9\u05e8\u05d4, \u05d3\u05d9\u05e8\u05d5\u05ea \u05d0\u05d9\u05e8\u05d5\u05d7 \u05de\u05d5\u05ea\u05d0\u05de\u05d5\u05ea \u05d5\u05e1\u05e2\u05d5\u05d3\u05d5\u05ea \u05e9\u05d1\u05ea.","robots":{"index":"index","follow":"follow","max-snippet":"max-snippet:-1","max-image-preview":"max-image-preview:large","max-video-preview":"max-video-preview:-1"},"canonical":"https:\/\/ydkjqlrx.elementor.cloud\/produs\/dsm-\u05de\u05d5\u05df-\u05e4\u05dc\u05d8\u05d9\u05df-\u05e1\u05e8\u05d5\u05dd-\u05de\u05d7\u05d6\u05e7-\u05e9\u05d9\u05e2\u05e8-60-\u05de\u05dc\/","og_locale":"he_IL","og_type":"article","og_title":"DSM - \u05de\u05d5\u05df \u05e4\u05dc\u05d8\u05d9\u05df - \u05e1\u05e8\u05d5\u05dd \u05de\u05d7\u05d6\u05e7 \u05e9\u05d9\u05e2\u05e8 - 60 \u05de\"\u05dc","og_description":"DSM &#8211; \u05de\u05d5\u05df \u05e4\u05dc\u05d8\u05d9\u05df &#8211; \u05e1\u05e8\u05d5\u05dd \u05de\u05d7\u05d6\u05e7 \u05e9\u05d9\u05e2\u05e8 &#8211; 60 \u05de&#8221;\u05dc O formula complet noua pentru tratarea parului deteriorat sau","og_url":"https:\/\/ydkjqlrx.elementor.cloud\/produs\/dsm-\u05de\u05d5\u05df-\u05e4\u05dc\u05d8\u05d9\u05df-\u05e1\u05e8\u05d5\u05dd-\u05de\u05d7\u05d6\u05e7-\u05e9\u05d9\u05e2\u05e8-60-\u05de\u05dc\/","og_site_name":"\u05de\u05e1\u05e2\u05d3\u05d4 \u05d5\u05de\u05db\u05d5\u05dc\u05ea \u05db\u05e9\u05e8\u05d4, \u05d3\u05d9\u05e8\u05d5\u05ea \u05d0\u05d9\u05e8\u05d5\u05d7 \u05de\u05d5\u05ea\u05d0\u05de\u05d5\u05ea \u05d5\u05e1\u05e2\u05d5\u05d3\u05d5\u05ea \u05e9\u05d1\u05ea.","article_publisher":"https:\/\/www.facebook.com\/moise.group\/","twitter_card":"summary_large_image","twitter_misc":{"\u05d6\u05de\u05df \u05e7\u05e8\u05d9\u05d0\u05d4 \u05de\u05d5\u05e2\u05e8\u05da":"\u05d3\u05e7\u05d41"},"schema":{"@context":"https:\/\/schema.org","@graph":[{"@type":"WebPage","@id":"https:\/\/ydkjqlrx.elementor.cloud\/produs\/dsm-%d7%9e%d7%95%d7%9f-%d7%a4%d7%9c%d7%98%d7%99%d7%9f-%d7%a1%d7%a8%d7%95%d7%9d-%d7%9e%d7%97%d7%96%d7%a7-%d7%a9%d7%99%d7%a2%d7%a8-60-%d7%9e%d7%9c\/","url":"https:\/\/ydkjqlrx.elementor.cloud\/produs\/dsm-%d7%9e%d7%95%d7%9f-%d7%a4%d7%9c%d7%98%d7%99%d7%9f-%d7%a1%d7%a8%d7%95%d7%9d-%d7%9e%d7%97%d7%96%d7%a7-%d7%a9%d7%99%d7%a2%d7%a8-60-%d7%9e%d7%9c\/","name":"DSM - \u05de\u05d5\u05df \u05e4\u05dc\u05d8\u05d9\u05df - \u05e1\u05e8\u05d5\u05dd \u05de\u05d7\u05d6\u05e7 \u05e9\u05d9\u05e2\u05e8 - 60 \u05de\"\u05dc - \u05de\u05e1\u05e2\u05d3\u05d4 \u05d5\u05de\u05db\u05d5\u05dc\u05ea \u05db\u05e9\u05e8\u05d4, \u05d3\u05d9\u05e8\u05d5\u05ea \u05d0\u05d9\u05e8\u05d5\u05d7 \u05de\u05d5\u05ea\u05d0\u05de\u05d5\u05ea \u05d5\u05e1\u05e2\u05d5\u05d3\u05d5\u05ea \u05e9\u05d1\u05ea.","isPartOf":{"@id":"https:\/\/moise.raduandreialin.com\/#website"},"primaryImageOfPage":{"@id":"https:\/\/ydkjqlrx.elementor.cloud\/produs\/dsm-%d7%9e%d7%95%d7%9f-%d7%a4%d7%9c%d7%98%d7%99%d7%9f-%d7%a1%d7%a8%d7%95%d7%9d-%d7%9e%d7%97%d7%96%d7%a7-%d7%a9%d7%99%d7%a2%d7%a8-60-%d7%9e%d7%9c\/#primaryimage"},"image":{"@id":"https:\/\/ydkjqlrx.elementor.cloud\/produs\/dsm-%d7%9e%d7%95%d7%9f-%d7%a4%d7%9c%d7%98%d7%99%d7%9f-%d7%a1%d7%a8%d7%95%d7%9d-%d7%9e%d7%97%d7%96%d7%a7-%d7%a9%d7%99%d7%a2%d7%a8-60-%d7%9e%d7%9c\/#primaryimage"},"thumbnailUrl":"https:\/\/online.moise.group\/wp-content\/uploads\/2023\/07\/s-l1600.jpg","datePublished":"2022-10-24T17:14:35+00:00","dateModified":"2022-10-24T17:14:35+00:00","breadcrumb":{"@id":"https:\/\/ydkjqlrx.elementor.cloud\/produs\/dsm-%d7%9e%d7%95%d7%9f-%d7%a4%d7%9c%d7%98%d7%99%d7%9f-%d7%a1%d7%a8%d7%95%d7%9d-%d7%9e%d7%97%d7%96%d7%a7-%d7%a9%d7%99%d7%a2%d7%a8-60-%d7%9e%d7%9c\/#breadcrumb"},"inLanguage":"he-IL","potentialAction":[{"@type":"ReadAction","target":["https:\/\/ydkjqlrx.elementor.cloud\/produs\/dsm-%d7%9e%d7%95%d7%9f-%d7%a4%d7%9c%d7%98%d7%99%d7%9f-%d7%a1%d7%a8%d7%95%d7%9d-%d7%9e%d7%97%d7%96%d7%a7-%d7%a9%d7%99%d7%a2%d7%a8-60-%d7%9e%d7%9c\/"]}]},{"@type":"ImageObject","inLanguage":"he-IL","@id":"https:\/\/ydkjqlrx.elementor.cloud\/produs\/dsm-%d7%9e%d7%95%d7%9f-%d7%a4%d7%9c%d7%98%d7%99%d7%9f-%d7%a1%d7%a8%d7%95%d7%9d-%d7%9e%d7%97%d7%96%d7%a7-%d7%a9%d7%99%d7%a2%d7%a8-60-%d7%9e%d7%9c\/#primaryimage","url":"https:\/\/online.moise.group\/wp-content\/uploads\/2023\/07\/s-l1600.jpg","contentUrl":"https:\/\/online.moise.group\/wp-content\/uploads\/2023\/07\/s-l1600.jpg","width":600,"height":600},{"@type":"BreadcrumbList","@id":"https:\/\/ydkjqlrx.elementor.cloud\/produs\/dsm-%d7%9e%d7%95%d7%9f-%d7%a4%d7%9c%d7%98%d7%99%d7%9f-%d7%a1%d7%a8%d7%95%d7%9d-%d7%9e%d7%97%d7%96%d7%a7-%d7%a9%d7%99%d7%a2%d7%a8-60-%d7%9e%d7%9c\/#breadcrumb","itemListElement":[{"@type":"ListItem","position":1,"name":"Prima pagin\u0103","item":"https:\/\/online.moise.group\/he\/"},{"@type":"ListItem","position":2,"name":"\u05de\u05db\u05d5\u05dc\u05ea","item":"https:\/\/ydkjqlrx.elementor.cloud\/he\/%d7%97%d7%a0%d7%95%d7%aa\/"},{"@type":"ListItem","position":3,"name":"DSM &#8211; \u05de\u05d5\u05df \u05e4\u05dc\u05d8\u05d9\u05df &#8211; \u05e1\u05e8\u05d5\u05dd \u05de\u05d7\u05d6\u05e7 \u05e9\u05d9\u05e2\u05e8 &#8211; 60 \u05de&#8221;\u05dc"}]},{"@type":"WebSite","@id":"https:\/\/moise.raduandreialin.com\/#website","url":"https:\/\/moise.raduandreialin.com\/","name":"\u05de\u05e1\u05e2\u05d3\u05d4 \u05d5\u05de\u05db\u05d5\u05dc\u05ea \u05db\u05e9\u05e8\u05d4, \u05d3\u05d9\u05e8\u05d5\u05ea \u05d0\u05d9\u05e8\u05d5\u05d7 \u05de\u05d5\u05ea\u05d0\u05de\u05d5\u05ea \u05d5\u05e1\u05e2\u05d5\u05d3\u05d5\u05ea \u05e9\u05d1\u05ea.","description":"Dac\u0103 sunte\u021bi \u00een c\u0103utarea unei experien\u021be culinare ebraice autentice, Moise Kosher este locul perfect pentru dumneavoastr\u0103. Meniul nostru include o gam\u0103 variat\u0103 de m\u00e2nc\u0103ruri tradi\u021bionale evreie\u0219ti, preparate cu ingrediente proaspete \u0219i de \u00eenalt\u0103 calitate. De asemenea, oferim o varietate de preparate de shabbat, precum \u0219i cazare la hoteluri kosher.","publisher":{"@id":"https:\/\/moise.raduandreialin.com\/#organization"},"potentialAction":[{"@type":"SearchAction","target":{"@type":"EntryPoint","urlTemplate":"https:\/\/moise.raduandreialin.com\/?s={search_term_string}"},"query-input":{"@type":"PropertyValueSpecification","valueRequired":true,"valueName":"search_term_string"}}],"inLanguage":"he-IL"},{"@type":"Organization","@id":"https:\/\/moise.raduandreialin.com\/#organization","name":"\u05de\u05e1\u05e2\u05d3\u05d4 \u05d5\u05de\u05db\u05d5\u05dc\u05ea \u05db\u05e9\u05e8\u05d4, \u05d3\u05d9\u05e8\u05d5\u05ea \u05d0\u05d9\u05e8\u05d5\u05d7 \u05de\u05d5\u05ea\u05d0\u05de\u05d5\u05ea \u05d5\u05e1\u05e2\u05d5\u05d3\u05d5\u05ea \u05e9\u05d1\u05ea.","url":"https:\/\/moise.raduandreialin.com\/","logo":{"@type":"ImageObject","inLanguage":"he-IL","@id":"https:\/\/moise.raduandreialin.com\/#\/schema\/logo\/image\/","url":"https:\/\/online.moise.group\/wp-content\/uploads\/2023\/12\/KOSHER-RESTAURANT-4.svg","contentUrl":"https:\/\/online.moise.group\/wp-content\/uploads\/2023\/12\/KOSHER-RESTAURANT-4.svg","width":1169,"height":445,"caption":"\u05de\u05e1\u05e2\u05d3\u05d4 \u05d5\u05de\u05db\u05d5\u05dc\u05ea \u05db\u05e9\u05e8\u05d4, \u05d3\u05d9\u05e8\u05d5\u05ea \u05d0\u05d9\u05e8\u05d5\u05d7 \u05de\u05d5\u05ea\u05d0\u05de\u05d5\u05ea \u05d5\u05e1\u05e2\u05d5\u05d3\u05d5\u05ea \u05e9\u05d1\u05ea."},"image":{"@id":"https:\/\/moise.raduandreialin.com\/#\/schema\/logo\/image\/"},"sameAs":["https:\/\/www.facebook.com\/moise.group\/"]}]}},"_links":{"self":[{"href":"https:\/\/online.moise.group\/he\/wp-json\/wp\/v2\/product\/96641","targetHints":{"allow":["GET"]}}],"collection":[{"href":"https:\/\/online.moise.group\/he\/wp-json\/wp\/v2\/product"}],"about":[{"href":"https:\/\/online.moise.group\/he\/wp-json\/wp\/v2\/types\/product"}],"replies":[{"embeddable":true,"href":"https:\/\/online.moise.group\/he\/wp-json\/wp\/v2\/comments?post=96641"}],"version-history":[{"count":0,"href":"https:\/\/online.moise.group\/he\/wp-json\/wp\/v2\/product\/96641\/revisions"}],"wp:featuredmedia":[{"embeddable":true,"href":"https:\/\/online.moise.group\/he\/wp-json\/wp\/v2\/media\/86657"}],"wp:attachment":[{"href":"https:\/\/online.moise.group\/he\/wp-json\/wp\/v2\/media?parent=96641"}],"wp:term":[{"taxonomy":"product_cat","embeddable":true,"href":"https:\/\/online.moise.group\/he\/wp-json\/wp\/v2\/product_cat?post=96641"},{"taxonomy":"product_tag","embeddable":true,"href":"https:\/\/online.moise.group\/he\/wp-json\/wp\/v2\/product_tag?post=96641"}],"curies":[{"name":"wp","href":"https:\/\/api.w.org\/{rel}","templated":true}]}}