{"id":98882,"date":"2023-10-15T17:27:03","date_gmt":"2023-10-15T17:27:03","guid":{"rendered":"https:\/\/online.moise.group\/?post_type=product&#038;p=98882"},"modified":"2023-10-20T13:45:25","modified_gmt":"2023-10-20T13:45:25","slug":"%d7%a1%d7%98%d7%99%d7%99%d7%a7-%d7%90%d7%a0%d7%98%d7%a8%d7%99%d7%a7%d7%95%d7%98-%d7%91%d7%a7%d7%a8-350-%d7%92%d7%a8%d7%9d","status":"publish","type":"product","link":"https:\/\/online.moise.group\/he\/\u05de\u05d5\u05e6\u05e8\/%d7%a1%d7%98%d7%99%d7%99%d7%a7-%d7%90%d7%a0%d7%98%d7%a8%d7%99%d7%a7%d7%95%d7%98-%d7%91%d7%a7%d7%a8-350-%d7%92%d7%a8%d7%9d\/","title":{"rendered":"\u05e1\u05d8\u05d9\u05d9\u05e7 \u05d0\u05e0\u05d8\u05e8\u05d9\u05e7\u05d5\u05d8 \u05d1\u05e7\u05e8 &#8211; 350 \u05d2\u05e8\u05dd"},"content":{"rendered":"<p>\u05d1\u05d5\u05e8\u05d2\u05e8 \u05e7\u05e4\u05d5\u05d0 \u05de\u05d5\u05db\u05df &#8211; 200 \u05d2\u05e8&#8217;<\/p>\n<p>Antricot vita &#8211; 70%<\/p>\n<p>Grasime &#8211; 30%<\/p>\n<p>Sare &#8211; 2%<\/p>\n<p>Piper &#8211; 2%<\/p>\n","protected":false},"excerpt":{"rendered":"<p>\u05d1\u05d5\u05e8\u05d2\u05e8 \u05e7\u05e4\u05d5\u05d0 \u05de\u05d5\u05db\u05df &#8211; 200 \u05d2\u05e8&#8217; Antricot vita &#8211; 70% Grasime &#8211; 30% Sare &#8211; 2% Piper &#8211; 2%<\/p>\n","protected":false},"featured_media":98964,"comment_status":"open","ping_status":"closed","template":"","meta":[],"product_cat":[2171,1164,1240,1192,1152,1195],"product_tag":[1282],"class_list":{"0":"post-98882","1":"product","2":"type-product","3":"status-publish","4":"has-post-thumbnail","6":"product_cat----350-","7":"product_cat-1164","8":"product_cat-1240","9":"product_cat-1192","10":"product_cat-1152","11":"product_cat-1195","12":"product_tag--he","14":"first","15":"outofstock","16":"taxable","17":"shipping-taxable","18":"purchasable","19":"product-type-simple"},"yoast_head":"<!-- This site is optimized with the Yoast SEO Premium plugin v23.7 (Yoast SEO v23.7) - https:\/\/yoast.com\/wordpress\/plugins\/seo\/ -->\n<title>\u05e1\u05d8\u05d9\u05d9\u05e7 \u05d0\u05e0\u05d8\u05e8\u05d9\u05e7\u05d5\u05d8 \u05d1\u05e7\u05e8 - 350 \u05d2\u05e8\u05dd - \u05de\u05e1\u05e2\u05d3\u05d4 \u05d5\u05de\u05db\u05d5\u05dc\u05ea \u05db\u05e9\u05e8\u05d4, \u05d3\u05d9\u05e8\u05d5\u05ea \u05d0\u05d9\u05e8\u05d5\u05d7 \u05de\u05d5\u05ea\u05d0\u05de\u05d5\u05ea \u05d5\u05e1\u05e2\u05d5\u05d3\u05d5\u05ea \u05e9\u05d1\u05ea.<\/title>\n<meta name=\"robots\" content=\"index, follow, max-snippet:-1, max-image-preview:large, max-video-preview:-1\" \/>\n<link rel=\"canonical\" href=\"https:\/\/ydkjqlrx.elementor.cloud\/he\/\u05de\u05d5\u05e6\u05e8\/\u05e7\u05d1\u05d1-\u05e8\u05d5\u05de\u05e0\u05d9-\u05de\u05d5\u05db\u05df-\u05dc\u05d8\u05d9\u05d2\u05d5\u05df-\u05e7\u05e4\u05d5\u05d0-200-\u05d2\u05e8-copiaza\/\" \/>\n<meta property=\"og:locale\" content=\"he_IL\" \/>\n<meta property=\"og:type\" content=\"article\" \/>\n<meta property=\"og:title\" content=\"\u05e1\u05d8\u05d9\u05d9\u05e7 \u05d0\u05e0\u05d8\u05e8\u05d9\u05e7\u05d5\u05d8 \u05d1\u05e7\u05e8 - 350 \u05d2\u05e8\u05dd\" \/>\n<meta property=\"og:description\" content=\"\u05d1\u05d5\u05e8\u05d2\u05e8 \u05e7\u05e4\u05d5\u05d0 \u05de\u05d5\u05db\u05df &#8211; 200 \u05d2\u05e8&#8217; Antricot vita &#8211; 70% Grasime &#8211; 30% Sare &#8211; 2% Piper &#8211; 2%\" \/>\n<meta property=\"og:url\" content=\"https:\/\/ydkjqlrx.elementor.cloud\/he\/\u05de\u05d5\u05e6\u05e8\/\u05e7\u05d1\u05d1-\u05e8\u05d5\u05de\u05e0\u05d9-\u05de\u05d5\u05db\u05df-\u05dc\u05d8\u05d9\u05d2\u05d5\u05df-\u05e7\u05e4\u05d5\u05d0-200-\u05d2\u05e8-copiaza\/\" \/>\n<meta property=\"og:site_name\" content=\"\u05de\u05e1\u05e2\u05d3\u05d4 \u05d5\u05de\u05db\u05d5\u05dc\u05ea \u05db\u05e9\u05e8\u05d4, \u05d3\u05d9\u05e8\u05d5\u05ea \u05d0\u05d9\u05e8\u05d5\u05d7 \u05de\u05d5\u05ea\u05d0\u05de\u05d5\u05ea \u05d5\u05e1\u05e2\u05d5\u05d3\u05d5\u05ea \u05e9\u05d1\u05ea.\" \/>\n<meta property=\"article:publisher\" content=\"https:\/\/www.facebook.com\/moise.group\/\" \/>\n<meta property=\"article:modified_time\" content=\"2023-10-20T13:45:25+00:00\" \/>\n<meta property=\"og:image\" content=\"https:\/\/ydkjqlrx.elementor.cloud\/wp-content\/uploads\/2023\/10\/\u05e2\u05d9\u05e6\u05d5\u05d1-\u05dc\u05dc\u05d0-\u05e9\u05dd-2023-10-16T221416.393.png\" \/>\n\t<meta property=\"og:image:width\" content=\"800\" \/>\n\t<meta property=\"og:image:height\" content=\"800\" \/>\n\t<meta property=\"og:image:type\" content=\"image\/png\" \/>\n<meta name=\"twitter:card\" content=\"summary_large_image\" \/>\n<script type=\"application\/ld+json\" class=\"yoast-schema-graph\">{\"@context\":\"https:\/\/schema.org\",\"@graph\":[{\"@type\":\"WebPage\",\"@id\":\"https:\/\/ydkjqlrx.elementor.cloud\/he\/\u05de\u05d5\u05e6\u05e8\/%d7%a7%d7%91%d7%91-%d7%a8%d7%95%d7%9e%d7%a0%d7%99-%d7%9e%d7%95%d7%9b%d7%9f-%d7%9c%d7%98%d7%99%d7%92%d7%95%d7%9f-%d7%a7%d7%a4%d7%95%d7%90-200-%d7%92%d7%a8-copiaza\/\",\"url\":\"https:\/\/ydkjqlrx.elementor.cloud\/he\/\u05de\u05d5\u05e6\u05e8\/%d7%a7%d7%91%d7%91-%d7%a8%d7%95%d7%9e%d7%a0%d7%99-%d7%9e%d7%95%d7%9b%d7%9f-%d7%9c%d7%98%d7%99%d7%92%d7%95%d7%9f-%d7%a7%d7%a4%d7%95%d7%90-200-%d7%92%d7%a8-copiaza\/\",\"name\":\"\u05e1\u05d8\u05d9\u05d9\u05e7 \u05d0\u05e0\u05d8\u05e8\u05d9\u05e7\u05d5\u05d8 \u05d1\u05e7\u05e8 - 350 \u05d2\u05e8\u05dd - \u05de\u05e1\u05e2\u05d3\u05d4 \u05d5\u05de\u05db\u05d5\u05dc\u05ea \u05db\u05e9\u05e8\u05d4, \u05d3\u05d9\u05e8\u05d5\u05ea \u05d0\u05d9\u05e8\u05d5\u05d7 \u05de\u05d5\u05ea\u05d0\u05de\u05d5\u05ea \u05d5\u05e1\u05e2\u05d5\u05d3\u05d5\u05ea \u05e9\u05d1\u05ea.\",\"isPartOf\":{\"@id\":\"https:\/\/moise.raduandreialin.com\/#website\"},\"primaryImageOfPage\":{\"@id\":\"https:\/\/ydkjqlrx.elementor.cloud\/he\/\u05de\u05d5\u05e6\u05e8\/%d7%a7%d7%91%d7%91-%d7%a8%d7%95%d7%9e%d7%a0%d7%99-%d7%9e%d7%95%d7%9b%d7%9f-%d7%9c%d7%98%d7%99%d7%92%d7%95%d7%9f-%d7%a7%d7%a4%d7%95%d7%90-200-%d7%92%d7%a8-copiaza\/#primaryimage\"},\"image\":{\"@id\":\"https:\/\/ydkjqlrx.elementor.cloud\/he\/\u05de\u05d5\u05e6\u05e8\/%d7%a7%d7%91%d7%91-%d7%a8%d7%95%d7%9e%d7%a0%d7%99-%d7%9e%d7%95%d7%9b%d7%9f-%d7%9c%d7%98%d7%99%d7%92%d7%95%d7%9f-%d7%a7%d7%a4%d7%95%d7%90-200-%d7%92%d7%a8-copiaza\/#primaryimage\"},\"thumbnailUrl\":\"https:\/\/online.moise.group\/wp-content\/uploads\/2023\/10\/\u05e2\u05d9\u05e6\u05d5\u05d1-\u05dc\u05dc\u05d0-\u05e9\u05dd-2023-10-16T221416.393.png\",\"datePublished\":\"2023-10-15T17:27:03+00:00\",\"dateModified\":\"2023-10-20T13:45:25+00:00\",\"breadcrumb\":{\"@id\":\"https:\/\/ydkjqlrx.elementor.cloud\/he\/\u05de\u05d5\u05e6\u05e8\/%d7%a7%d7%91%d7%91-%d7%a8%d7%95%d7%9e%d7%a0%d7%99-%d7%9e%d7%95%d7%9b%d7%9f-%d7%9c%d7%98%d7%99%d7%92%d7%95%d7%9f-%d7%a7%d7%a4%d7%95%d7%90-200-%d7%92%d7%a8-copiaza\/#breadcrumb\"},\"inLanguage\":\"he-IL\",\"potentialAction\":[{\"@type\":\"ReadAction\",\"target\":[\"https:\/\/ydkjqlrx.elementor.cloud\/he\/\u05de\u05d5\u05e6\u05e8\/%d7%a7%d7%91%d7%91-%d7%a8%d7%95%d7%9e%d7%a0%d7%99-%d7%9e%d7%95%d7%9b%d7%9f-%d7%9c%d7%98%d7%99%d7%92%d7%95%d7%9f-%d7%a7%d7%a4%d7%95%d7%90-200-%d7%92%d7%a8-copiaza\/\"]}]},{\"@type\":\"ImageObject\",\"inLanguage\":\"he-IL\",\"@id\":\"https:\/\/ydkjqlrx.elementor.cloud\/he\/\u05de\u05d5\u05e6\u05e8\/%d7%a7%d7%91%d7%91-%d7%a8%d7%95%d7%9e%d7%a0%d7%99-%d7%9e%d7%95%d7%9b%d7%9f-%d7%9c%d7%98%d7%99%d7%92%d7%95%d7%9f-%d7%a7%d7%a4%d7%95%d7%90-200-%d7%92%d7%a8-copiaza\/#primaryimage\",\"url\":\"https:\/\/online.moise.group\/wp-content\/uploads\/2023\/10\/\u05e2\u05d9\u05e6\u05d5\u05d1-\u05dc\u05dc\u05d0-\u05e9\u05dd-2023-10-16T221416.393.png\",\"contentUrl\":\"https:\/\/online.moise.group\/wp-content\/uploads\/2023\/10\/\u05e2\u05d9\u05e6\u05d5\u05d1-\u05dc\u05dc\u05d0-\u05e9\u05dd-2023-10-16T221416.393.png\",\"width\":800,\"height\":800},{\"@type\":\"BreadcrumbList\",\"@id\":\"https:\/\/ydkjqlrx.elementor.cloud\/he\/\u05de\u05d5\u05e6\u05e8\/%d7%a7%d7%91%d7%91-%d7%a8%d7%95%d7%9e%d7%a0%d7%99-%d7%9e%d7%95%d7%9b%d7%9f-%d7%9c%d7%98%d7%99%d7%92%d7%95%d7%9f-%d7%a7%d7%a4%d7%95%d7%90-200-%d7%92%d7%a8-copiaza\/#breadcrumb\",\"itemListElement\":[{\"@type\":\"ListItem\",\"position\":1,\"name\":\"Prima pagin\u0103\",\"item\":\"https:\/\/online.moise.group\/he\/\"},{\"@type\":\"ListItem\",\"position\":2,\"name\":\"\u05de\u05db\u05d5\u05dc\u05ea\",\"item\":\"https:\/\/ydkjqlrx.elementor.cloud\/he\/%d7%97%d7%a0%d7%95%d7%aa\/\"},{\"@type\":\"ListItem\",\"position\":3,\"name\":\"\u05e1\u05d8\u05d9\u05d9\u05e7 \u05d0\u05e0\u05d8\u05e8\u05d9\u05e7\u05d5\u05d8 \u05d1\u05e7\u05e8 &#8211; 350 \u05d2\u05e8\u05dd\"}]},{\"@type\":\"WebSite\",\"@id\":\"https:\/\/moise.raduandreialin.com\/#website\",\"url\":\"https:\/\/moise.raduandreialin.com\/\",\"name\":\"\u05de\u05e1\u05e2\u05d3\u05d4 \u05d5\u05de\u05db\u05d5\u05dc\u05ea \u05db\u05e9\u05e8\u05d4, \u05d3\u05d9\u05e8\u05d5\u05ea \u05d0\u05d9\u05e8\u05d5\u05d7 \u05de\u05d5\u05ea\u05d0\u05de\u05d5\u05ea \u05d5\u05e1\u05e2\u05d5\u05d3\u05d5\u05ea \u05e9\u05d1\u05ea.\",\"description\":\"Dac\u0103 sunte\u021bi \u00een c\u0103utarea unei experien\u021be culinare ebraice autentice, Moise Kosher este locul perfect pentru dumneavoastr\u0103. Meniul nostru include o gam\u0103 variat\u0103 de m\u00e2nc\u0103ruri tradi\u021bionale evreie\u0219ti, preparate cu ingrediente proaspete \u0219i de \u00eenalt\u0103 calitate. De asemenea, oferim o varietate de preparate de shabbat, precum \u0219i cazare la hoteluri kosher.\",\"publisher\":{\"@id\":\"https:\/\/moise.raduandreialin.com\/#organization\"},\"potentialAction\":[{\"@type\":\"SearchAction\",\"target\":{\"@type\":\"EntryPoint\",\"urlTemplate\":\"https:\/\/moise.raduandreialin.com\/?s={search_term_string}\"},\"query-input\":{\"@type\":\"PropertyValueSpecification\",\"valueRequired\":true,\"valueName\":\"search_term_string\"}}],\"inLanguage\":\"he-IL\"},{\"@type\":\"Organization\",\"@id\":\"https:\/\/moise.raduandreialin.com\/#organization\",\"name\":\"\u05de\u05e1\u05e2\u05d3\u05d4 \u05d5\u05de\u05db\u05d5\u05dc\u05ea \u05db\u05e9\u05e8\u05d4, \u05d3\u05d9\u05e8\u05d5\u05ea \u05d0\u05d9\u05e8\u05d5\u05d7 \u05de\u05d5\u05ea\u05d0\u05de\u05d5\u05ea \u05d5\u05e1\u05e2\u05d5\u05d3\u05d5\u05ea \u05e9\u05d1\u05ea.\",\"url\":\"https:\/\/moise.raduandreialin.com\/\",\"logo\":{\"@type\":\"ImageObject\",\"inLanguage\":\"he-IL\",\"@id\":\"https:\/\/moise.raduandreialin.com\/#\/schema\/logo\/image\/\",\"url\":\"https:\/\/online.moise.group\/wp-content\/uploads\/2023\/12\/KOSHER-RESTAURANT-4.svg\",\"contentUrl\":\"https:\/\/online.moise.group\/wp-content\/uploads\/2023\/12\/KOSHER-RESTAURANT-4.svg\",\"width\":1169,\"height\":445,\"caption\":\"\u05de\u05e1\u05e2\u05d3\u05d4 \u05d5\u05de\u05db\u05d5\u05dc\u05ea \u05db\u05e9\u05e8\u05d4, \u05d3\u05d9\u05e8\u05d5\u05ea \u05d0\u05d9\u05e8\u05d5\u05d7 \u05de\u05d5\u05ea\u05d0\u05de\u05d5\u05ea \u05d5\u05e1\u05e2\u05d5\u05d3\u05d5\u05ea \u05e9\u05d1\u05ea.\"},\"image\":{\"@id\":\"https:\/\/moise.raduandreialin.com\/#\/schema\/logo\/image\/\"},\"sameAs\":[\"https:\/\/www.facebook.com\/moise.group\/\"]}]}<\/script>\n<!-- \/ Yoast SEO Premium plugin. -->","yoast_head_json":{"title":"\u05e1\u05d8\u05d9\u05d9\u05e7 \u05d0\u05e0\u05d8\u05e8\u05d9\u05e7\u05d5\u05d8 \u05d1\u05e7\u05e8 - 350 \u05d2\u05e8\u05dd - \u05de\u05e1\u05e2\u05d3\u05d4 \u05d5\u05de\u05db\u05d5\u05dc\u05ea \u05db\u05e9\u05e8\u05d4, \u05d3\u05d9\u05e8\u05d5\u05ea \u05d0\u05d9\u05e8\u05d5\u05d7 \u05de\u05d5\u05ea\u05d0\u05de\u05d5\u05ea \u05d5\u05e1\u05e2\u05d5\u05d3\u05d5\u05ea \u05e9\u05d1\u05ea.","robots":{"index":"index","follow":"follow","max-snippet":"max-snippet:-1","max-image-preview":"max-image-preview:large","max-video-preview":"max-video-preview:-1"},"canonical":"https:\/\/ydkjqlrx.elementor.cloud\/he\/\u05de\u05d5\u05e6\u05e8\/\u05e7\u05d1\u05d1-\u05e8\u05d5\u05de\u05e0\u05d9-\u05de\u05d5\u05db\u05df-\u05dc\u05d8\u05d9\u05d2\u05d5\u05df-\u05e7\u05e4\u05d5\u05d0-200-\u05d2\u05e8-copiaza\/","og_locale":"he_IL","og_type":"article","og_title":"\u05e1\u05d8\u05d9\u05d9\u05e7 \u05d0\u05e0\u05d8\u05e8\u05d9\u05e7\u05d5\u05d8 \u05d1\u05e7\u05e8 - 350 \u05d2\u05e8\u05dd","og_description":"\u05d1\u05d5\u05e8\u05d2\u05e8 \u05e7\u05e4\u05d5\u05d0 \u05de\u05d5\u05db\u05df &#8211; 200 \u05d2\u05e8&#8217; Antricot vita &#8211; 70% Grasime &#8211; 30% Sare &#8211; 2% Piper &#8211; 2%","og_url":"https:\/\/ydkjqlrx.elementor.cloud\/he\/\u05de\u05d5\u05e6\u05e8\/\u05e7\u05d1\u05d1-\u05e8\u05d5\u05de\u05e0\u05d9-\u05de\u05d5\u05db\u05df-\u05dc\u05d8\u05d9\u05d2\u05d5\u05df-\u05e7\u05e4\u05d5\u05d0-200-\u05d2\u05e8-copiaza\/","og_site_name":"\u05de\u05e1\u05e2\u05d3\u05d4 \u05d5\u05de\u05db\u05d5\u05dc\u05ea \u05db\u05e9\u05e8\u05d4, \u05d3\u05d9\u05e8\u05d5\u05ea \u05d0\u05d9\u05e8\u05d5\u05d7 \u05de\u05d5\u05ea\u05d0\u05de\u05d5\u05ea \u05d5\u05e1\u05e2\u05d5\u05d3\u05d5\u05ea \u05e9\u05d1\u05ea.","article_publisher":"https:\/\/www.facebook.com\/moise.group\/","article_modified_time":"2023-10-20T13:45:25+00:00","og_image":[{"width":800,"height":800,"url":"https:\/\/ydkjqlrx.elementor.cloud\/wp-content\/uploads\/2023\/10\/\u05e2\u05d9\u05e6\u05d5\u05d1-\u05dc\u05dc\u05d0-\u05e9\u05dd-2023-10-16T221416.393.png","type":"image\/png"}],"twitter_card":"summary_large_image","schema":{"@context":"https:\/\/schema.org","@graph":[{"@type":"WebPage","@id":"https:\/\/ydkjqlrx.elementor.cloud\/he\/\u05de\u05d5\u05e6\u05e8\/%d7%a7%d7%91%d7%91-%d7%a8%d7%95%d7%9e%d7%a0%d7%99-%d7%9e%d7%95%d7%9b%d7%9f-%d7%9c%d7%98%d7%99%d7%92%d7%95%d7%9f-%d7%a7%d7%a4%d7%95%d7%90-200-%d7%92%d7%a8-copiaza\/","url":"https:\/\/ydkjqlrx.elementor.cloud\/he\/\u05de\u05d5\u05e6\u05e8\/%d7%a7%d7%91%d7%91-%d7%a8%d7%95%d7%9e%d7%a0%d7%99-%d7%9e%d7%95%d7%9b%d7%9f-%d7%9c%d7%98%d7%99%d7%92%d7%95%d7%9f-%d7%a7%d7%a4%d7%95%d7%90-200-%d7%92%d7%a8-copiaza\/","name":"\u05e1\u05d8\u05d9\u05d9\u05e7 \u05d0\u05e0\u05d8\u05e8\u05d9\u05e7\u05d5\u05d8 \u05d1\u05e7\u05e8 - 350 \u05d2\u05e8\u05dd - \u05de\u05e1\u05e2\u05d3\u05d4 \u05d5\u05de\u05db\u05d5\u05dc\u05ea \u05db\u05e9\u05e8\u05d4, \u05d3\u05d9\u05e8\u05d5\u05ea \u05d0\u05d9\u05e8\u05d5\u05d7 \u05de\u05d5\u05ea\u05d0\u05de\u05d5\u05ea \u05d5\u05e1\u05e2\u05d5\u05d3\u05d5\u05ea \u05e9\u05d1\u05ea.","isPartOf":{"@id":"https:\/\/moise.raduandreialin.com\/#website"},"primaryImageOfPage":{"@id":"https:\/\/ydkjqlrx.elementor.cloud\/he\/\u05de\u05d5\u05e6\u05e8\/%d7%a7%d7%91%d7%91-%d7%a8%d7%95%d7%9e%d7%a0%d7%99-%d7%9e%d7%95%d7%9b%d7%9f-%d7%9c%d7%98%d7%99%d7%92%d7%95%d7%9f-%d7%a7%d7%a4%d7%95%d7%90-200-%d7%92%d7%a8-copiaza\/#primaryimage"},"image":{"@id":"https:\/\/ydkjqlrx.elementor.cloud\/he\/\u05de\u05d5\u05e6\u05e8\/%d7%a7%d7%91%d7%91-%d7%a8%d7%95%d7%9e%d7%a0%d7%99-%d7%9e%d7%95%d7%9b%d7%9f-%d7%9c%d7%98%d7%99%d7%92%d7%95%d7%9f-%d7%a7%d7%a4%d7%95%d7%90-200-%d7%92%d7%a8-copiaza\/#primaryimage"},"thumbnailUrl":"https:\/\/online.moise.group\/wp-content\/uploads\/2023\/10\/\u05e2\u05d9\u05e6\u05d5\u05d1-\u05dc\u05dc\u05d0-\u05e9\u05dd-2023-10-16T221416.393.png","datePublished":"2023-10-15T17:27:03+00:00","dateModified":"2023-10-20T13:45:25+00:00","breadcrumb":{"@id":"https:\/\/ydkjqlrx.elementor.cloud\/he\/\u05de\u05d5\u05e6\u05e8\/%d7%a7%d7%91%d7%91-%d7%a8%d7%95%d7%9e%d7%a0%d7%99-%d7%9e%d7%95%d7%9b%d7%9f-%d7%9c%d7%98%d7%99%d7%92%d7%95%d7%9f-%d7%a7%d7%a4%d7%95%d7%90-200-%d7%92%d7%a8-copiaza\/#breadcrumb"},"inLanguage":"he-IL","potentialAction":[{"@type":"ReadAction","target":["https:\/\/ydkjqlrx.elementor.cloud\/he\/\u05de\u05d5\u05e6\u05e8\/%d7%a7%d7%91%d7%91-%d7%a8%d7%95%d7%9e%d7%a0%d7%99-%d7%9e%d7%95%d7%9b%d7%9f-%d7%9c%d7%98%d7%99%d7%92%d7%95%d7%9f-%d7%a7%d7%a4%d7%95%d7%90-200-%d7%92%d7%a8-copiaza\/"]}]},{"@type":"ImageObject","inLanguage":"he-IL","@id":"https:\/\/ydkjqlrx.elementor.cloud\/he\/\u05de\u05d5\u05e6\u05e8\/%d7%a7%d7%91%d7%91-%d7%a8%d7%95%d7%9e%d7%a0%d7%99-%d7%9e%d7%95%d7%9b%d7%9f-%d7%9c%d7%98%d7%99%d7%92%d7%95%d7%9f-%d7%a7%d7%a4%d7%95%d7%90-200-%d7%92%d7%a8-copiaza\/#primaryimage","url":"https:\/\/online.moise.group\/wp-content\/uploads\/2023\/10\/\u05e2\u05d9\u05e6\u05d5\u05d1-\u05dc\u05dc\u05d0-\u05e9\u05dd-2023-10-16T221416.393.png","contentUrl":"https:\/\/online.moise.group\/wp-content\/uploads\/2023\/10\/\u05e2\u05d9\u05e6\u05d5\u05d1-\u05dc\u05dc\u05d0-\u05e9\u05dd-2023-10-16T221416.393.png","width":800,"height":800},{"@type":"BreadcrumbList","@id":"https:\/\/ydkjqlrx.elementor.cloud\/he\/\u05de\u05d5\u05e6\u05e8\/%d7%a7%d7%91%d7%91-%d7%a8%d7%95%d7%9e%d7%a0%d7%99-%d7%9e%d7%95%d7%9b%d7%9f-%d7%9c%d7%98%d7%99%d7%92%d7%95%d7%9f-%d7%a7%d7%a4%d7%95%d7%90-200-%d7%92%d7%a8-copiaza\/#breadcrumb","itemListElement":[{"@type":"ListItem","position":1,"name":"Prima pagin\u0103","item":"https:\/\/online.moise.group\/he\/"},{"@type":"ListItem","position":2,"name":"\u05de\u05db\u05d5\u05dc\u05ea","item":"https:\/\/ydkjqlrx.elementor.cloud\/he\/%d7%97%d7%a0%d7%95%d7%aa\/"},{"@type":"ListItem","position":3,"name":"\u05e1\u05d8\u05d9\u05d9\u05e7 \u05d0\u05e0\u05d8\u05e8\u05d9\u05e7\u05d5\u05d8 \u05d1\u05e7\u05e8 &#8211; 350 \u05d2\u05e8\u05dd"}]},{"@type":"WebSite","@id":"https:\/\/moise.raduandreialin.com\/#website","url":"https:\/\/moise.raduandreialin.com\/","name":"\u05de\u05e1\u05e2\u05d3\u05d4 \u05d5\u05de\u05db\u05d5\u05dc\u05ea \u05db\u05e9\u05e8\u05d4, \u05d3\u05d9\u05e8\u05d5\u05ea \u05d0\u05d9\u05e8\u05d5\u05d7 \u05de\u05d5\u05ea\u05d0\u05de\u05d5\u05ea \u05d5\u05e1\u05e2\u05d5\u05d3\u05d5\u05ea \u05e9\u05d1\u05ea.","description":"Dac\u0103 sunte\u021bi \u00een c\u0103utarea unei experien\u021be culinare ebraice autentice, Moise Kosher este locul perfect pentru dumneavoastr\u0103. Meniul nostru include o gam\u0103 variat\u0103 de m\u00e2nc\u0103ruri tradi\u021bionale evreie\u0219ti, preparate cu ingrediente proaspete \u0219i de \u00eenalt\u0103 calitate. De asemenea, oferim o varietate de preparate de shabbat, precum \u0219i cazare la hoteluri kosher.","publisher":{"@id":"https:\/\/moise.raduandreialin.com\/#organization"},"potentialAction":[{"@type":"SearchAction","target":{"@type":"EntryPoint","urlTemplate":"https:\/\/moise.raduandreialin.com\/?s={search_term_string}"},"query-input":{"@type":"PropertyValueSpecification","valueRequired":true,"valueName":"search_term_string"}}],"inLanguage":"he-IL"},{"@type":"Organization","@id":"https:\/\/moise.raduandreialin.com\/#organization","name":"\u05de\u05e1\u05e2\u05d3\u05d4 \u05d5\u05de\u05db\u05d5\u05dc\u05ea \u05db\u05e9\u05e8\u05d4, \u05d3\u05d9\u05e8\u05d5\u05ea \u05d0\u05d9\u05e8\u05d5\u05d7 \u05de\u05d5\u05ea\u05d0\u05de\u05d5\u05ea \u05d5\u05e1\u05e2\u05d5\u05d3\u05d5\u05ea \u05e9\u05d1\u05ea.","url":"https:\/\/moise.raduandreialin.com\/","logo":{"@type":"ImageObject","inLanguage":"he-IL","@id":"https:\/\/moise.raduandreialin.com\/#\/schema\/logo\/image\/","url":"https:\/\/online.moise.group\/wp-content\/uploads\/2023\/12\/KOSHER-RESTAURANT-4.svg","contentUrl":"https:\/\/online.moise.group\/wp-content\/uploads\/2023\/12\/KOSHER-RESTAURANT-4.svg","width":1169,"height":445,"caption":"\u05de\u05e1\u05e2\u05d3\u05d4 \u05d5\u05de\u05db\u05d5\u05dc\u05ea \u05db\u05e9\u05e8\u05d4, \u05d3\u05d9\u05e8\u05d5\u05ea \u05d0\u05d9\u05e8\u05d5\u05d7 \u05de\u05d5\u05ea\u05d0\u05de\u05d5\u05ea \u05d5\u05e1\u05e2\u05d5\u05d3\u05d5\u05ea \u05e9\u05d1\u05ea."},"image":{"@id":"https:\/\/moise.raduandreialin.com\/#\/schema\/logo\/image\/"},"sameAs":["https:\/\/www.facebook.com\/moise.group\/"]}]}},"_links":{"self":[{"href":"https:\/\/online.moise.group\/he\/wp-json\/wp\/v2\/product\/98882","targetHints":{"allow":["GET"]}}],"collection":[{"href":"https:\/\/online.moise.group\/he\/wp-json\/wp\/v2\/product"}],"about":[{"href":"https:\/\/online.moise.group\/he\/wp-json\/wp\/v2\/types\/product"}],"replies":[{"embeddable":true,"href":"https:\/\/online.moise.group\/he\/wp-json\/wp\/v2\/comments?post=98882"}],"version-history":[{"count":0,"href":"https:\/\/online.moise.group\/he\/wp-json\/wp\/v2\/product\/98882\/revisions"}],"wp:featuredmedia":[{"embeddable":true,"href":"https:\/\/online.moise.group\/he\/wp-json\/wp\/v2\/media\/98964"}],"wp:attachment":[{"href":"https:\/\/online.moise.group\/he\/wp-json\/wp\/v2\/media?parent=98882"}],"wp:term":[{"taxonomy":"product_cat","embeddable":true,"href":"https:\/\/online.moise.group\/he\/wp-json\/wp\/v2\/product_cat?post=98882"},{"taxonomy":"product_tag","embeddable":true,"href":"https:\/\/online.moise.group\/he\/wp-json\/wp\/v2\/product_tag?post=98882"}],"curies":[{"name":"wp","href":"https:\/\/api.w.org\/{rel}","templated":true}]}}